{"id":19236,"date":"2025-06-19T17:58:25","date_gmt":"2025-06-19T15:58:25","guid":{"rendered":"https:\/\/buerstendichtungen.com\/?page_id=19236"},"modified":"2025-06-19T17:58:27","modified_gmt":"2025-06-19T15:58:27","slug":"mentions-legales-2","status":"publish","type":"page","link":"https:\/\/buerstendichtungen.com\/fr\/mentions-legales-2\/","title":{"rendered":"Mentions l\u00e9gales"},"content":{"rendered":"<div class=\"fusion-fullwidth fullwidth-box fusion-builder-row-1 nonhundred-percent-fullwidth non-hundred-percent-height-scrolling\" style=\"--awb-border-radius-top-left:0px;--awb-border-radius-top-right:0px;--awb-border-radius-bottom-right:0px;--awb-border-radius-bottom-left:0px;--awb-flex-wrap:wrap;\" ><div class=\"fusion-builder-row fusion-row\"><div class=\"fusion-layout-column fusion_builder_column fusion-builder-column-0 fusion_builder_column_1_1 1_1 fusion-one-full fusion-column-first fusion-column-last\" style=\"--awb-bg-size:cover;--awb-margin-bottom:0px;\"><div class=\"fusion-column-wrapper fusion-flex-column-wrapper-legacy\"><div class=\"fusion-text fusion-text-1\"><h1><strong>Mentions l\u00e9gales<\/strong><\/h1>\n<p>Pro-Con B\u00fcrstentechnik GmbH G\u00e9rant : Holger Pott Repr\u00e9sentant l\u00e9gal : Holger Pott Wiesenstra\u00dfe 83 &#8211; D-72461 Albstadt<br \/>\nT\u00e9l\u00e9phone : 0743\/29781192 ou 0 700 \/ 776 266 366<br \/>\nT\u00e9l\u00e9copie : 0 700 \/ 776 266 329 E-mail : info@pro-con-buerstentechnik.de Tribunal d&rsquo;enregistrement : Amtsgericht Stuttgart<br \/>\nNum\u00e9ro d&rsquo;enregistrement : HRB 750213 TVANum\u00e9ro d&rsquo;identification : DE 296862378<br \/>\nNum\u00e9ro d&rsquo;identification fiscale : 53 091\/06073 Responsable du contenu conform\u00e9ment \u00e0 $55 II RStV :<br \/>\nHolger Pott &#8211; Wiesenstra\u00dfe 83 &#8211; D-72461 Albstadt &#8211; Tous droits r\u00e9serv\u00e9s -. Ces documents \/ pages web, y compris leurs parties, sont prot\u00e9g\u00e9s par des droits d&rsquo;auteur. Ils ne peuvent \u00eatre copi\u00e9s et imprim\u00e9s que pour un usage priv\u00e9, scientifique et non commercial et \u00e0 des fins d&rsquo;information, \u00e0 condition qu&rsquo;ils contiennent la mention du copyright. Les auteurs se r\u00e9servent le droit de r\u00e9voquer cette autorisation \u00e0 tout moment. Ces documents\/pages web ne peuvent \u00eatre reproduits, archiv\u00e9s, stock\u00e9s sur un autre serveur, inclus dans des groupes de discussion, utilis\u00e9s dans des services en ligne ou stock\u00e9s sur un CD-ROM sans l&rsquo;autorisation \u00e9crite pr\u00e9alable des auteurs. Toute utilisation commerciale de ces pages web ainsi que l&rsquo;affichage des documents dans des cadres par d&rsquo;autres fournisseurs d&rsquo;acc\u00e8s \u00e0 Internet sont express\u00e9ment interdits. En d&rsquo;autres termes, il n&rsquo;est pas souhaitable ni permis de copier, de voler, de pr\u00eater, d&#8217;emprunter, d&#8217;emporter, de d\u00e9former, de modifier, etc. Toutes les informations ont \u00e9t\u00e9 soigneusement recherch\u00e9es. Des erreurs ne sont toutefois pas exclues. Liens : Le tribunal de grande instance de Hambourg a d\u00e9cid\u00e9, dans son jugement du 2.05.1998, que l&rsquo;insertion d&rsquo;un lien entra\u00eene, le cas \u00e9ch\u00e9ant, une co-responsabilit\u00e9 pour le contenu de la page li\u00e9e. Nous n&rsquo;avons pas connaissance d&rsquo;une annulation de ce jugement. Selon le tribunal, le seul moyen d&rsquo;\u00e9viter cela est de se distancer express\u00e9ment de ces contenus. Nous avons plac\u00e9 sur notre site des liens vers d&rsquo;autres sites Internet. Pour tous ces liens, la r\u00e8gle suivante s&rsquo;applique : \u00ab\u00a0Nous d\u00e9clarons ici express\u00e9ment que nous n&rsquo;avons aucune influence sur la conception et le contenu des pages li\u00e9es. C&rsquo;est pourquoi nous prenons express\u00e9ment nos distances par rapport \u00e0 tous les contenus des pages li\u00e9es sur l&rsquo;ensemble de notre site Internet, y compris toutes les sous-pages. Cette d\u00e9claration est valable pour tous les liens figurant sur notre page d&rsquo;accueil et pour tous les contenus des pages auxquelles m\u00e8nent des liens ou des banni\u00e8res\u00a0\u00bb. 72461 Albstadt, 2021.<\/p>\n<\/div><div class=\"fusion-clearfix\"><\/div><\/div><\/div><\/div><\/div>\n","protected":false},"excerpt":{"rendered":"","protected":false},"author":1,"featured_media":0,"parent":0,"menu_order":0,"comment_status":"closed","ping_status":"closed","template":"","meta":{"footnotes":""},"class_list":["post-19236","page","type-page","status-publish","hentry"],"yoast_head":"<!-- This site is optimized with the Yoast SEO Premium plugin v25.5 (Yoast SEO v27.5) - https:\/\/yoast.com\/product\/yoast-seo-premium-wordpress\/ -->\n<title>Mentions l\u00e9gales de buerstendichtungen.com - Pro Con GmbH<\/title>\n<meta name=\"description\" content=\"Mentions l\u00e9gales de Pro Con Trading GmbH \u00a9 PRO-CON GmbH Trading Conceptions G\u00e9rant : Holger Pott Repr\u00e9sentant l\u00e9gal : Holger Pott Wiesenstra\u00dfe 83 - D-72461 Albstadt T\u00e9l\u00e9phone : 0 700 \/ 776 266 366 - T\u00e9l\u00e9fax : 0 700 \/ 776 266 329\" \/>\n<meta name=\"robots\" content=\"noindex, follow\" \/>\n<meta property=\"og:locale\" content=\"fr_FR\" \/>\n<meta property=\"og:type\" content=\"article\" \/>\n<meta property=\"og:title\" content=\"Mentions l\u00e9gales\" \/>\n<meta property=\"og:description\" content=\"Mentions l\u00e9gales de Pro Con Trading GmbH \u00a9 PRO-CON GmbH Trading Conceptions G\u00e9rant : Holger Pott Repr\u00e9sentant l\u00e9gal : Holger Pott Wiesenstra\u00dfe 83 - D-72461 Albstadt T\u00e9l\u00e9phone : 0 700 \/ 776 266 366 - T\u00e9l\u00e9fax : 0 700 \/ 776 266 329\" \/>\n<meta property=\"og:url\" content=\"https:\/\/buerstendichtungen.com\/fr\/mentions-legales-2\/\" \/>\n<meta property=\"og:site_name\" content=\"B\u00fcrstendichtungen und andere technische B\u00fcrsten f\u00fcr jeden Einsatz\" \/>\n<meta property=\"article:modified_time\" content=\"2025-06-19T15:58:27+00:00\" \/>\n<meta name=\"twitter:label1\" content=\"Dur\u00e9e de lecture estim\u00e9e\" \/>\n\t<meta name=\"twitter:data1\" content=\"3 minutes\" \/>\n<script type=\"application\/ld+json\" class=\"yoast-schema-graph\">{\"@context\":\"https:\\\/\\\/schema.org\",\"@graph\":[{\"@type\":\"WebPage\",\"@id\":\"https:\\\/\\\/buerstendichtungen.com\\\/fr\\\/mentions-legales-2\\\/\",\"url\":\"https:\\\/\\\/buerstendichtungen.com\\\/fr\\\/mentions-legales-2\\\/\",\"name\":\"Mentions l\u00e9gales de buerstendichtungen.com - Pro Con GmbH\",\"isPartOf\":{\"@id\":\"https:\\\/\\\/buerstendichtungen.com\\\/fr\\\/#website\"},\"datePublished\":\"2025-06-19T15:58:25+00:00\",\"dateModified\":\"2025-06-19T15:58:27+00:00\",\"description\":\"Mentions l\u00e9gales de Pro Con Trading GmbH \u00a9 PRO-CON GmbH Trading Conceptions G\u00e9rant : Holger Pott Repr\u00e9sentant l\u00e9gal : Holger Pott Wiesenstra\u00dfe 83 - D-72461 Albstadt T\u00e9l\u00e9phone : 0 700 \\\/ 776 266 366 - T\u00e9l\u00e9fax : 0 700 \\\/ 776 266 329\",\"breadcrumb\":{\"@id\":\"https:\\\/\\\/buerstendichtungen.com\\\/fr\\\/mentions-legales-2\\\/#breadcrumb\"},\"inLanguage\":\"fr-FR\",\"potentialAction\":[{\"@type\":\"ReadAction\",\"target\":[\"https:\\\/\\\/buerstendichtungen.com\\\/fr\\\/mentions-legales-2\\\/\"]}]},{\"@type\":\"BreadcrumbList\",\"@id\":\"https:\\\/\\\/buerstendichtungen.com\\\/fr\\\/mentions-legales-2\\\/#breadcrumb\",\"itemListElement\":[{\"@type\":\"ListItem\",\"position\":1,\"name\":\"Page d'accueil\",\"item\":\"https:\\\/\\\/buerstendichtungen.com\\\/fr\\\/\"},{\"@type\":\"ListItem\",\"position\":2,\"name\":\"Mentions l\u00e9gales\"}]},{\"@type\":\"WebSite\",\"@id\":\"https:\\\/\\\/buerstendichtungen.com\\\/fr\\\/#website\",\"url\":\"https:\\\/\\\/buerstendichtungen.com\\\/fr\\\/\",\"name\":\"B\u00fcrstendichtungen und andere technische B\u00fcrsten f\u00fcr jeden Einsatz\",\"description\":\"B\u00fcrstendichtungen, Leistenb\u00fcrsten, Streifenb\u00fcrsten und Abdichtb\u00fcrsten f\u00fcr jede Verwendung\",\"potentialAction\":[{\"@type\":\"SearchAction\",\"target\":{\"@type\":\"EntryPoint\",\"urlTemplate\":\"https:\\\/\\\/buerstendichtungen.com\\\/fr\\\/?s={search_term_string}\"},\"query-input\":{\"@type\":\"PropertyValueSpecification\",\"valueRequired\":true,\"valueName\":\"search_term_string\"}}],\"inLanguage\":\"fr-FR\"}]}<\/script>\n<!-- \/ Yoast SEO Premium plugin. -->","yoast_head_json":{"title":"Mentions l\u00e9gales de buerstendichtungen.com - Pro Con GmbH","description":"Mentions l\u00e9gales de Pro Con Trading GmbH \u00a9 PRO-CON GmbH Trading Conceptions G\u00e9rant : Holger Pott Repr\u00e9sentant l\u00e9gal : Holger Pott Wiesenstra\u00dfe 83 - D-72461 Albstadt T\u00e9l\u00e9phone : 0 700 \/ 776 266 366 - T\u00e9l\u00e9fax : 0 700 \/ 776 266 329","robots":{"index":"noindex","follow":"follow"},"og_locale":"fr_FR","og_type":"article","og_title":"Mentions l\u00e9gales","og_description":"Mentions l\u00e9gales de Pro Con Trading GmbH \u00a9 PRO-CON GmbH Trading Conceptions G\u00e9rant : Holger Pott Repr\u00e9sentant l\u00e9gal : Holger Pott Wiesenstra\u00dfe 83 - D-72461 Albstadt T\u00e9l\u00e9phone : 0 700 \/ 776 266 366 - T\u00e9l\u00e9fax : 0 700 \/ 776 266 329","og_url":"https:\/\/buerstendichtungen.com\/fr\/mentions-legales-2\/","og_site_name":"B\u00fcrstendichtungen und andere technische B\u00fcrsten f\u00fcr jeden Einsatz","article_modified_time":"2025-06-19T15:58:27+00:00","twitter_misc":{"Dur\u00e9e de lecture estim\u00e9e":"3 minutes"},"schema":{"@context":"https:\/\/schema.org","@graph":[{"@type":"WebPage","@id":"https:\/\/buerstendichtungen.com\/fr\/mentions-legales-2\/","url":"https:\/\/buerstendichtungen.com\/fr\/mentions-legales-2\/","name":"Mentions l\u00e9gales de buerstendichtungen.com - Pro Con GmbH","isPartOf":{"@id":"https:\/\/buerstendichtungen.com\/fr\/#website"},"datePublished":"2025-06-19T15:58:25+00:00","dateModified":"2025-06-19T15:58:27+00:00","description":"Mentions l\u00e9gales de Pro Con Trading GmbH \u00a9 PRO-CON GmbH Trading Conceptions G\u00e9rant : Holger Pott Repr\u00e9sentant l\u00e9gal : Holger Pott Wiesenstra\u00dfe 83 - D-72461 Albstadt T\u00e9l\u00e9phone : 0 700 \/ 776 266 366 - T\u00e9l\u00e9fax : 0 700 \/ 776 266 329","breadcrumb":{"@id":"https:\/\/buerstendichtungen.com\/fr\/mentions-legales-2\/#breadcrumb"},"inLanguage":"fr-FR","potentialAction":[{"@type":"ReadAction","target":["https:\/\/buerstendichtungen.com\/fr\/mentions-legales-2\/"]}]},{"@type":"BreadcrumbList","@id":"https:\/\/buerstendichtungen.com\/fr\/mentions-legales-2\/#breadcrumb","itemListElement":[{"@type":"ListItem","position":1,"name":"Page d'accueil","item":"https:\/\/buerstendichtungen.com\/fr\/"},{"@type":"ListItem","position":2,"name":"Mentions l\u00e9gales"}]},{"@type":"WebSite","@id":"https:\/\/buerstendichtungen.com\/fr\/#website","url":"https:\/\/buerstendichtungen.com\/fr\/","name":"B\u00fcrstendichtungen und andere technische B\u00fcrsten f\u00fcr jeden Einsatz","description":"B\u00fcrstendichtungen, Leistenb\u00fcrsten, Streifenb\u00fcrsten und Abdichtb\u00fcrsten f\u00fcr jede Verwendung","potentialAction":[{"@type":"SearchAction","target":{"@type":"EntryPoint","urlTemplate":"https:\/\/buerstendichtungen.com\/fr\/?s={search_term_string}"},"query-input":{"@type":"PropertyValueSpecification","valueRequired":true,"valueName":"search_term_string"}}],"inLanguage":"fr-FR"}]}},"_links":{"self":[{"href":"https:\/\/buerstendichtungen.com\/fr\/wp-json\/wp\/v2\/pages\/19236","targetHints":{"allow":["GET"]}}],"collection":[{"href":"https:\/\/buerstendichtungen.com\/fr\/wp-json\/wp\/v2\/pages"}],"about":[{"href":"https:\/\/buerstendichtungen.com\/fr\/wp-json\/wp\/v2\/types\/page"}],"author":[{"embeddable":true,"href":"https:\/\/buerstendichtungen.com\/fr\/wp-json\/wp\/v2\/users\/1"}],"replies":[{"embeddable":true,"href":"https:\/\/buerstendichtungen.com\/fr\/wp-json\/wp\/v2\/comments?post=19236"}],"version-history":[{"count":2,"href":"https:\/\/buerstendichtungen.com\/fr\/wp-json\/wp\/v2\/pages\/19236\/revisions"}],"predecessor-version":[{"id":19240,"href":"https:\/\/buerstendichtungen.com\/fr\/wp-json\/wp\/v2\/pages\/19236\/revisions\/19240"}],"wp:attachment":[{"href":"https:\/\/buerstendichtungen.com\/fr\/wp-json\/wp\/v2\/media?parent=19236"}],"curies":[{"name":"wp","href":"https:\/\/api.w.org\/{rel}","templated":true}]}}