{"id":17524,"date":"2017-05-06T23:48:09","date_gmt":"2017-05-06T21:48:09","guid":{"rendered":"https:\/\/buerstendichtungen.com\/mentions-legales\/"},"modified":"2025-01-20T13:22:51","modified_gmt":"2025-01-20T12:22:51","slug":"mentions-legales","status":"publish","type":"page","link":"https:\/\/buerstendichtungen.com\/fr\/mentions-legales\/","title":{"rendered":"Mentions l\u00e9gales"},"content":{"rendered":"<div class=\"fusion-fullwidth fullwidth-box fusion-builder-row-1 nonhundred-percent-fullwidth non-hundred-percent-height-scrolling\" style=\"--awb-border-radius-top-left:0px;--awb-border-radius-top-right:0px;--awb-border-radius-bottom-right:0px;--awb-border-radius-bottom-left:0px;--awb-flex-wrap:wrap;\" ><div class=\"fusion-builder-row fusion-row\"><div class=\"fusion-layout-column fusion_builder_column fusion-builder-column-0 fusion_builder_column_1_1 1_1 fusion-one-full fusion-column-first fusion-column-last\" style=\"--awb-bg-size:cover;--awb-margin-bottom:0px;\"><div class=\"fusion-column-wrapper fusion-flex-column-wrapper-legacy\"><div class=\"fusion-text fusion-text-1\"><h1><strong>Impressum<\/strong><\/h1>\n<p>\u00a9 Pro-Con B\u00fcrstentechnik GmbH<br \/>\nGesch\u00e4ftsf\u00fchrer: Holger Pott<br \/>\nVertretungsberechtigter:\u00a0Holger Pott<\/p>\n<p>Wiesenstra\u00dfe 83 \u2022 D-72461 Albstadt<br \/>\nTelefon: 0743\/29781192 oder 0 700 \/ 776 266 366<br \/>\nTelefax: 0 700 \/ 776 266 329<\/p>\n<p>E-Mail: info@pro-con-buerstentechnik.de<\/p>\n<p>Registergericht: Amtsgericht Stuttgart<br \/>\nRegisternummer: HRB 750213<\/p>\n<p>USt.-IdNr.: DE 296862378<br \/>\nSteuernummer: 53 091\/06073<\/p>\n<p>Inhaltlich Verantwortlicher gem. $55 II RStV:<br \/>\nHolger Pott \u2022 Wiesenstra\u00dfe 83 \u2022 D-72461 Albstadt<\/p>\n<p>\u2013 Alle Rechte vorbehalten -.<\/p>\n<p>Diese Dokumente \/ Webseiten einschlie\u00dflich ihrer Teile sind urheberrechtlich gesch\u00fctzt. Sie d\u00fcrfen nur zum privaten, wissenschaftlichen und nicht-gewerblichen Gebrauch und zum Zweck der Information kopiert und ausgedruckt werden, wenn sie den Copyright-Hinweis enthalten. Die Verfasser behalten sich das Recht vor, diese Erlaubnis jederzeit zu widerrufen.<\/p>\n<p>Ohne vorherige schriftliche Genehmigung der Verfasser d\u00fcrfen diese Dokumente \/ Webseiten nicht vervielf\u00e4ltigt, archiviert, auf einem anderen Server gespeichert, in Newsgruppen einbezogen, in Online-Diensten benutzt oder auf einer CD-ROM gespeichert werden. Eine kommerzielle Verwendung dieser Webseiten sowie die Anzeige der Dokumente innerhalb von Frames durch andere Internetanbieter sind ausdr\u00fccklich untersagt. Anders gesagt: kopieren, klauen, stehlen, ausleihen, ausborgen, mitgehen lassen, verunstalten, ver\u00e4ndern usw. ist nicht gew\u00fcnscht und nicht gestattet. Alle Informationen sind sorgf\u00e4ltig recherchiert. Irrtum ist jedoch nicht ausgeschlossen.<\/p>\n<p>Links: Das Landgericht Hamburg hat mit Urteil vom 2.05.1998 entschieden, dass man durch die Ausbringung eines Links die Inhalte der gelinkten Seite ggf. mit zu verantworten hat. Eine Aufhebung dieses Urteils ist uns bisher nicht bekannt. Dies kann \u2013 so das LG \u2013 nur dadurch verhindert werden, dass man sich ausdr\u00fccklich von diesen Inhalten distanziert. Wir haben auf unserer Page Links zu anderen Seiten im Internet gelegt. F\u00fcr all diese Links gilt: \u201eWir erkl\u00e4ren an dieser Stelle ausdr\u00fccklich, dass wir keinerlei Einfluss auf die Gestaltung und die Inhalte der gelinkten Seiten habe. Deshalb distanzieren wir uns hiermit ausdr\u00fccklich von allen Inhalten aller gelinkten Seiten auf unserer gesamten Website inkl. aller Unterseiten. Diese Erkl\u00e4rung gilt f\u00fcr alle auf unserer Homepage ausgebrachten Links und f\u00fcr alle Inhalte der Seiten, zu denen Links oder Banner f\u00fchren.\u201c<\/p>\n<p>72461 Albstadt, 2021.<\/p>\n<\/div><div class=\"fusion-clearfix\"><\/div><\/div><\/div><\/div><\/div>\n","protected":false},"excerpt":{"rendered":"","protected":false},"author":1,"featured_media":0,"parent":0,"menu_order":0,"comment_status":"closed","ping_status":"closed","template":"","meta":{"footnotes":""},"class_list":["post-17524","page","type-page","status-publish","hentry"],"yoast_head":"<!-- This site is optimized with the Yoast SEO Premium plugin v25.5 (Yoast SEO v27.5) - https:\/\/yoast.com\/product\/yoast-seo-premium-wordpress\/ -->\n<title>Mentions l\u00e9gales de buerstendichtungen.com - Pro Con GmbH<\/title>\n<meta name=\"description\" content=\"Mentions l\u00e9gales de Pro Con Trading GmbH \u00a9 PRO-CON GmbH Trading Conceptions G\u00e9rant : Holger Pott Repr\u00e9sentant l\u00e9gal : Holger Pott Wiesenstra\u00dfe 83 - D-72461 Albstadt T\u00e9l\u00e9phone : 0 700 \/ 776 266 366 - T\u00e9l\u00e9fax : 0 700 \/ 776 266 329\" \/>\n<meta name=\"robots\" content=\"noindex, follow\" \/>\n<meta property=\"og:locale\" content=\"fr_FR\" \/>\n<meta property=\"og:type\" content=\"article\" \/>\n<meta property=\"og:title\" content=\"Mentions l\u00e9gales\" \/>\n<meta property=\"og:description\" content=\"Mentions l\u00e9gales de Pro Con Trading GmbH \u00a9 PRO-CON GmbH Trading Conceptions G\u00e9rant : Holger Pott Repr\u00e9sentant l\u00e9gal : Holger Pott Wiesenstra\u00dfe 83 - D-72461 Albstadt T\u00e9l\u00e9phone : 0 700 \/ 776 266 366 - T\u00e9l\u00e9fax : 0 700 \/ 776 266 329\" \/>\n<meta property=\"og:url\" content=\"https:\/\/buerstendichtungen.com\/fr\/mentions-legales\/\" \/>\n<meta property=\"og:site_name\" content=\"B\u00fcrstendichtungen und andere technische B\u00fcrsten f\u00fcr jeden Einsatz\" \/>\n<meta property=\"article:modified_time\" content=\"2025-01-20T12:22:51+00:00\" \/>\n<meta name=\"twitter:label1\" content=\"Dur\u00e9e de lecture estim\u00e9e\" \/>\n\t<meta name=\"twitter:data1\" content=\"3 minutes\" \/>\n<script type=\"application\/ld+json\" class=\"yoast-schema-graph\">{\"@context\":\"https:\\\/\\\/schema.org\",\"@graph\":[{\"@type\":\"WebPage\",\"@id\":\"https:\\\/\\\/buerstendichtungen.com\\\/fr\\\/mentions-legales\\\/\",\"url\":\"https:\\\/\\\/buerstendichtungen.com\\\/fr\\\/mentions-legales\\\/\",\"name\":\"Mentions l\u00e9gales de buerstendichtungen.com - Pro Con GmbH\",\"isPartOf\":{\"@id\":\"https:\\\/\\\/buerstendichtungen.com\\\/fr\\\/#website\"},\"datePublished\":\"2017-05-06T21:48:09+00:00\",\"dateModified\":\"2025-01-20T12:22:51+00:00\",\"description\":\"Mentions l\u00e9gales de Pro Con Trading GmbH \u00a9 PRO-CON GmbH Trading Conceptions G\u00e9rant : Holger Pott Repr\u00e9sentant l\u00e9gal : Holger Pott Wiesenstra\u00dfe 83 - D-72461 Albstadt T\u00e9l\u00e9phone : 0 700 \\\/ 776 266 366 - T\u00e9l\u00e9fax : 0 700 \\\/ 776 266 329\",\"breadcrumb\":{\"@id\":\"https:\\\/\\\/buerstendichtungen.com\\\/fr\\\/mentions-legales\\\/#breadcrumb\"},\"inLanguage\":\"fr-FR\",\"potentialAction\":[{\"@type\":\"ReadAction\",\"target\":[\"https:\\\/\\\/buerstendichtungen.com\\\/fr\\\/mentions-legales\\\/\"]}]},{\"@type\":\"BreadcrumbList\",\"@id\":\"https:\\\/\\\/buerstendichtungen.com\\\/fr\\\/mentions-legales\\\/#breadcrumb\",\"itemListElement\":[{\"@type\":\"ListItem\",\"position\":1,\"name\":\"Page d'accueil\",\"item\":\"https:\\\/\\\/buerstendichtungen.com\\\/fr\\\/\"},{\"@type\":\"ListItem\",\"position\":2,\"name\":\"Mentions l\u00e9gales\"}]},{\"@type\":\"WebSite\",\"@id\":\"https:\\\/\\\/buerstendichtungen.com\\\/fr\\\/#website\",\"url\":\"https:\\\/\\\/buerstendichtungen.com\\\/fr\\\/\",\"name\":\"B\u00fcrstendichtungen und andere technische B\u00fcrsten f\u00fcr jeden Einsatz\",\"description\":\"B\u00fcrstendichtungen, Leistenb\u00fcrsten, Streifenb\u00fcrsten und Abdichtb\u00fcrsten f\u00fcr jede Verwendung\",\"potentialAction\":[{\"@type\":\"SearchAction\",\"target\":{\"@type\":\"EntryPoint\",\"urlTemplate\":\"https:\\\/\\\/buerstendichtungen.com\\\/fr\\\/?s={search_term_string}\"},\"query-input\":{\"@type\":\"PropertyValueSpecification\",\"valueRequired\":true,\"valueName\":\"search_term_string\"}}],\"inLanguage\":\"fr-FR\"}]}<\/script>\n<!-- \/ Yoast SEO Premium plugin. -->","yoast_head_json":{"title":"Mentions l\u00e9gales de buerstendichtungen.com - Pro Con GmbH","description":"Mentions l\u00e9gales de Pro Con Trading GmbH \u00a9 PRO-CON GmbH Trading Conceptions G\u00e9rant : Holger Pott Repr\u00e9sentant l\u00e9gal : Holger Pott Wiesenstra\u00dfe 83 - D-72461 Albstadt T\u00e9l\u00e9phone : 0 700 \/ 776 266 366 - T\u00e9l\u00e9fax : 0 700 \/ 776 266 329","robots":{"index":"noindex","follow":"follow"},"og_locale":"fr_FR","og_type":"article","og_title":"Mentions l\u00e9gales","og_description":"Mentions l\u00e9gales de Pro Con Trading GmbH \u00a9 PRO-CON GmbH Trading Conceptions G\u00e9rant : Holger Pott Repr\u00e9sentant l\u00e9gal : Holger Pott Wiesenstra\u00dfe 83 - D-72461 Albstadt T\u00e9l\u00e9phone : 0 700 \/ 776 266 366 - T\u00e9l\u00e9fax : 0 700 \/ 776 266 329","og_url":"https:\/\/buerstendichtungen.com\/fr\/mentions-legales\/","og_site_name":"B\u00fcrstendichtungen und andere technische B\u00fcrsten f\u00fcr jeden Einsatz","article_modified_time":"2025-01-20T12:22:51+00:00","twitter_misc":{"Dur\u00e9e de lecture estim\u00e9e":"3 minutes"},"schema":{"@context":"https:\/\/schema.org","@graph":[{"@type":"WebPage","@id":"https:\/\/buerstendichtungen.com\/fr\/mentions-legales\/","url":"https:\/\/buerstendichtungen.com\/fr\/mentions-legales\/","name":"Mentions l\u00e9gales de buerstendichtungen.com - Pro Con GmbH","isPartOf":{"@id":"https:\/\/buerstendichtungen.com\/fr\/#website"},"datePublished":"2017-05-06T21:48:09+00:00","dateModified":"2025-01-20T12:22:51+00:00","description":"Mentions l\u00e9gales de Pro Con Trading GmbH \u00a9 PRO-CON GmbH Trading Conceptions G\u00e9rant : Holger Pott Repr\u00e9sentant l\u00e9gal : Holger Pott Wiesenstra\u00dfe 83 - D-72461 Albstadt T\u00e9l\u00e9phone : 0 700 \/ 776 266 366 - T\u00e9l\u00e9fax : 0 700 \/ 776 266 329","breadcrumb":{"@id":"https:\/\/buerstendichtungen.com\/fr\/mentions-legales\/#breadcrumb"},"inLanguage":"fr-FR","potentialAction":[{"@type":"ReadAction","target":["https:\/\/buerstendichtungen.com\/fr\/mentions-legales\/"]}]},{"@type":"BreadcrumbList","@id":"https:\/\/buerstendichtungen.com\/fr\/mentions-legales\/#breadcrumb","itemListElement":[{"@type":"ListItem","position":1,"name":"Page d'accueil","item":"https:\/\/buerstendichtungen.com\/fr\/"},{"@type":"ListItem","position":2,"name":"Mentions l\u00e9gales"}]},{"@type":"WebSite","@id":"https:\/\/buerstendichtungen.com\/fr\/#website","url":"https:\/\/buerstendichtungen.com\/fr\/","name":"B\u00fcrstendichtungen und andere technische B\u00fcrsten f\u00fcr jeden Einsatz","description":"B\u00fcrstendichtungen, Leistenb\u00fcrsten, Streifenb\u00fcrsten und Abdichtb\u00fcrsten f\u00fcr jede Verwendung","potentialAction":[{"@type":"SearchAction","target":{"@type":"EntryPoint","urlTemplate":"https:\/\/buerstendichtungen.com\/fr\/?s={search_term_string}"},"query-input":{"@type":"PropertyValueSpecification","valueRequired":true,"valueName":"search_term_string"}}],"inLanguage":"fr-FR"}]}},"_links":{"self":[{"href":"https:\/\/buerstendichtungen.com\/fr\/wp-json\/wp\/v2\/pages\/17524","targetHints":{"allow":["GET"]}}],"collection":[{"href":"https:\/\/buerstendichtungen.com\/fr\/wp-json\/wp\/v2\/pages"}],"about":[{"href":"https:\/\/buerstendichtungen.com\/fr\/wp-json\/wp\/v2\/types\/page"}],"author":[{"embeddable":true,"href":"https:\/\/buerstendichtungen.com\/fr\/wp-json\/wp\/v2\/users\/1"}],"replies":[{"embeddable":true,"href":"https:\/\/buerstendichtungen.com\/fr\/wp-json\/wp\/v2\/comments?post=17524"}],"version-history":[{"count":1,"href":"https:\/\/buerstendichtungen.com\/fr\/wp-json\/wp\/v2\/pages\/17524\/revisions"}],"predecessor-version":[{"id":17525,"href":"https:\/\/buerstendichtungen.com\/fr\/wp-json\/wp\/v2\/pages\/17524\/revisions\/17525"}],"wp:attachment":[{"href":"https:\/\/buerstendichtungen.com\/fr\/wp-json\/wp\/v2\/media?parent=17524"}],"curies":[{"name":"wp","href":"https:\/\/api.w.org\/{rel}","templated":true}]}}