{"id":17494,"date":"2018-01-26T13:20:07","date_gmt":"2018-01-26T12:20:07","guid":{"rendered":"https:\/\/buerstendichtungen.com\/joints-a-levres\/"},"modified":"2025-01-20T13:22:26","modified_gmt":"2025-01-20T12:22:26","slug":"joints-a-levres","status":"publish","type":"page","link":"https:\/\/buerstendichtungen.com\/fr\/joints-a-levres\/","title":{"rendered":"Joints \u00e0 l\u00e8vres"},"content":{"rendered":"<p><div class=\"fusion-fullwidth fullwidth-box fusion-builder-row-1 nonhundred-percent-fullwidth non-hundred-percent-height-scrolling\" style=\"--awb-border-radius-top-left:0px;--awb-border-radius-top-right:0px;--awb-border-radius-bottom-right:0px;--awb-border-radius-bottom-left:0px;--awb-padding-top:20px;--awb-padding-bottom:20px;--awb-margin-top:20px;--awb-margin-bottom:20px;--awb-flex-wrap:wrap;\" ><div class=\"fusion-builder-row fusion-row\"><div class=\"fusion-layout-column fusion_builder_column fusion-builder-column-0 fusion_builder_column_1_3 1_3 fusion-one-third fusion-column-first\" style=\"--awb-bg-size:cover;width:33.3333333333%;width:calc(33.3333333333% - ( ( 4% ) * 0.333333333333 ) );margin-right: 4%;\"><div class=\"fusion-column-wrapper fusion-flex-column-wrapper-legacy\"><div class=\"fusion-image-element in-legacy-container\" style=\"--awb-caption-title-font-family:var(--h2_typography-font-family);--awb-caption-title-font-weight:var(--h2_typography-font-weight);--awb-caption-title-font-style:var(--h2_typography-font-style);--awb-caption-title-size:var(--h2_typography-font-size);--awb-caption-title-transform:var(--h2_typography-text-transform);--awb-caption-title-line-height:var(--h2_typography-line-height);--awb-caption-title-letter-spacing:var(--h2_typography-letter-spacing);\"><span class=\" fusion-imageframe imageframe-none imageframe-1 hover-type-zoomin\"><a href=\"https:\/\/buerstendichtungen.com\/wp-content\/uploads\/2018\/02\/Lippendichtung_web_klein.png\" class=\"fusion-lightbox\" data-rel=\"iLightbox[0d88f21657e00798ab3]\" data-title=\"Lippendichtung\" title=\"Lippendichtung\"><img decoding=\"async\" width=\"600\" height=\"400\" src=\"https:\/\/buerstendichtungen.com\/wp-content\/uploads\/2018\/02\/Lippendichtung_web_klein.png\" alt class=\"img-responsive wp-image-16077\" srcset=\"https:\/\/buerstendichtungen.com\/wp-content\/uploads\/2018\/02\/Lippendichtung_web_klein-200x133.png 200w, https:\/\/buerstendichtungen.com\/wp-content\/uploads\/2018\/02\/Lippendichtung_web_klein-400x267.png 400w, https:\/\/buerstendichtungen.com\/wp-content\/uploads\/2018\/02\/Lippendichtung_web_klein.png 600w\" sizes=\"(max-width: 800px) 100vw, 400px\" \/><\/a><\/span><\/div><div class=\"fusion-clearfix\"><\/div><\/div><\/div><div class=\"fusion-layout-column fusion_builder_column fusion-builder-column-1 fusion_builder_column_2_3 2_3 fusion-two-third fusion-column-last\" style=\"--awb-padding-top:0px;--awb-bg-size:cover;width:66.6666666667%;width:calc(66.6666666667% - ( ( 4% ) * 0.666666666667 ) );\"><div class=\"fusion-column-wrapper fusion-flex-column-wrapper-legacy\"><div class=\"fusion-text fusion-text-1\"><h1 style=\"text-align: center;\"><span style=\"color: #000000; background-color: #ffffff;\">Joints \u00e0 l\u00e8vres <\/span><span style=\"color: #000000; background-color: #ffffff;\">pour la protection contre l&rsquo;humidit\u00e9<\/span><\/h1>\n<\/div><div class=\"fusion-sep-clear\"><\/div><div class=\"fusion-separator\" style=\"margin-left: auto;margin-right: auto;margin-top:5px;margin-bottom:20px;width:100%;max-width:200px;\"><div class=\"fusion-separator-border sep-single sep-solid\" style=\"--awb-height:20px;--awb-amount:20px;--awb-sep-color:rgba(0,0,0,.3);border-color:rgba(000,000,000,.3);border-top-width:1px;\"><\/div><\/div><div class=\"fusion-sep-clear\"><\/div><div class=\"fusion-text fusion-text-2\"><p><span style=\"color: white;\"><br \/>\n<span style=\"color: #000000;\">Les joints \u00e0 l\u00e8vre peuvent \u00eatre utilis\u00e9s pour assurer l&rsquo;\u00e9tanch\u00e9it\u00e9 des portes de terrasse, des portes de balcon ou d&rsquo;autres portes ext\u00e9rieures. Les joints \u00e0 l\u00e8vres permettent d&rsquo;\u00e9conomiser de l&rsquo;\u00e9nergie, prot\u00e8gent des courants d&rsquo;air et de la p\u00e9n\u00e9tration de l&rsquo;humidit\u00e9 et offrent donc une excellente protection contre le vent, la pluie, la neige et l&rsquo;humidit\u00e9 !<br \/>\n<\/span><br \/>\n<\/span><\/p>\n<h3>Demander un joint \u00e0 l\u00e8vre<\/h3>\n<p>Utilisez notre formulaire de demande pour les joints \u00e0 l\u00e8vres. Notre \u00e9quipe se fera un plaisir de traiter votre demande et de r\u00e9pondre \u00e0 vos questions.<\/p>\n<\/div><div class=\"fusion-sep-clear\"><\/div><div class=\"fusion-separator fusion-full-width-sep\" style=\"margin-left: auto;margin-right: auto;width:100%;\"><\/div><div class=\"fusion-sep-clear\"><\/div><div class=\"fusion-clearfix\"><\/div><\/div><\/div><\/div><\/div><div class=\"fusion-fullwidth fullwidth-box fusion-builder-row-2 nonhundred-percent-fullwidth non-hundred-percent-height-scrolling\" style=\"--awb-border-radius-top-left:0px;--awb-border-radius-top-right:0px;--awb-border-radius-bottom-right:0px;--awb-border-radius-bottom-left:0px;--awb-padding-top:20px;--awb-padding-bottom:20px;--awb-margin-top:20px;--awb-margin-bottom:20px;--awb-flex-wrap:wrap;\" ><div class=\"fusion-builder-row fusion-row\"><div class=\"fusion-layout-column fusion_builder_column fusion-builder-column-2 fusion_builder_column_1_1 1_1 fusion-one-full fusion-column-first fusion-column-last\" style=\"--awb-bg-size:cover;\"><div class=\"fusion-column-wrapper fusion-flex-column-wrapper-legacy\"><div class=\"fusion-button-wrapper\"><a class=\"fusion-button button-flat fusion-button-default-size button-custom fusion-button-default button-1 fusion-button-default-span fusion-button-default-type\" style=\"--button_bevel_color:#0035a0;--button_accent_color:#ffffff;--button_accent_hover_color:#ffffff;--button_border_hover_color:var(--awb-color1);--button_gradient_top_color:#2c55a2;--button_gradient_bottom_color:#2c55a2;--button_gradient_top_color_hover:#8bc34a;--button_gradient_bottom_color_hover:#8bc34a;\" target=\"_self\" href=\"https:\/\/buerstendichtungen.com\/fr\/joints-a-levres\/joints-a-levres-offre\/\"><span class=\"fusion-button-text awb-button__text awb-button__text--default\">Demander un devis<\/span><\/a><\/div><div class=\"fusion-sep-clear\"><\/div><div class=\"fusion-separator fusion-full-width-sep\" style=\"margin-left: auto;margin-right: auto;margin-top:30px;width:100%;\"><\/div><div class=\"fusion-sep-clear\"><\/div><div class=\"fusion-content-boxes content-boxes columns row fusion-columns-1 fusion-columns-total-2 fusion-content-boxes-1 content-boxes-icon-with-title content-left\" style=\"--awb-backgroundcolor:rgba(0,0,0,0.05);--awb-hover-accent-color:rgba(83,129,53,0.75);--awb-circle-hover-accent-color:rgba(83,129,53,0.75);--awb-item-margin-bottom:40px;\" data-animationOffset=\"top-into-view\"><div style=\"--awb-backgroundcolor:rgba(0,0,0,0.05);\" class=\"fusion-column content-box-column content-box-column content-box-column-1 col-lg-12 col-md-12 col-sm-12 fusion-content-box-hover content-box-column-last-in-row\"><div class=\"col content-box-wrapper content-wrapper-background link-area-link-icon icon-hover-animation-fade\" data-animationOffset=\"top-into-view\"><div class=\"heading heading-with-icon icon-left\"><div class=\"icon\"><i style=\"border-color:#333333;border-width:1px;background-color:#2d55a3;box-sizing:content-box;height:42px;width:42px;line-height:42px;border-radius:50%;font-size:21px;\" aria-hidden=\"true\" class=\"fontawesome-icon fa fa-barcode circle-yes\"><\/i><\/div><h2 class=\"content-box-heading fusion-responsive-typography-calculated\" style=\"--h2_typography-font-size:18px;--fontSize:18;line-height:1.2;\">Mat\u00e9riau<\/h2><\/div><div class=\"fusion-clearfix\"><\/div><div class=\"content-container\">\n<ul>\n<li>PVC<br \/>\nDuret\u00e9 de la semelle 75 Shore D, couleur blanche<br \/>\nDuret\u00e9 des l\u00e8vres 65 Shore A, couleur gris clair RAL 7035<\/li>\n<\/ul>\n<\/div><\/div><\/div><div style=\"--awb-backgroundcolor:rgba(0,0,0,0.05);\" class=\"fusion-column content-box-column content-box-column content-box-column-2 col-lg-12 col-md-12 col-sm-12 fusion-content-box-hover content-box-column-last content-box-column-last-in-row\"><div class=\"col content-box-wrapper content-wrapper-background link-area-link-icon icon-hover-animation-fade\" data-animationOffset=\"top-into-view\"><div class=\"heading heading-with-icon icon-left\"><div class=\"icon\"><i style=\"border-color:#333333;border-width:1px;background-color:#2d55a3;box-sizing:content-box;height:42px;width:42px;line-height:42px;border-radius:50%;font-size:21px;\" aria-hidden=\"true\" class=\"fontawesome-icon fa fa-compress circle-yes\"><\/i><\/div><h2 class=\"content-box-heading fusion-responsive-typography-calculated\" style=\"--h2_typography-font-size:18px;--fontSize:18;line-height:1.2;\">Profil et dimensions<\/h2><\/div><div class=\"fusion-clearfix\"><\/div><div class=\"content-container\">\n<div id=\"attachment_16079\" style=\"width: 410px\" class=\"wp-caption aligncenter\"><img decoding=\"async\" aria-describedby=\"caption-attachment-16079\" class=\"wp-image-3547 size-full\" src=\"https:\/\/buerstendichtungen.com\/wp-content\/uploads\/2018\/02\/Lippendichtungen.png\" alt=\"Joint \u00e0 l\u00e8vres Profil\" width=\"400\" height=\"494\" srcset=\"https:\/\/buerstendichtungen.com\/wp-content\/uploads\/2018\/02\/Lippendichtungen-200x247.png 200w, https:\/\/buerstendichtungen.com\/wp-content\/uploads\/2018\/02\/Lippendichtungen-243x300.png 243w, https:\/\/buerstendichtungen.com\/wp-content\/uploads\/2018\/02\/Lippendichtungen.png 400w\" sizes=\"(max-width: 400px) 100vw, 400px\" \/><p id=\"caption-attachment-16079\" class=\"wp-caption-text\">Joint \u00e0 l\u00e8vres Profil<\/p><\/div>\n<\/div><\/div><\/div><div class=\"fusion-clearfix\"><\/div><\/div><div class=\"fusion-button-wrapper\"><a class=\"fusion-button button-flat fusion-button-default-size button-custom fusion-button-default button-2 fusion-button-default-span fusion-button-default-type\" style=\"--button_bevel_color:#0035a0;--button_accent_color:#ffffff;--button_accent_hover_color:#ffffff;--button_border_hover_color:var(--awb-color1);--button_gradient_top_color:#2c55a2;--button_gradient_bottom_color:#2c55a2;--button_gradient_top_color_hover:#8bc34a;--button_gradient_bottom_color_hover:#8bc34a;\" target=\"_self\" href=\"https:\/\/buerstendichtungen.com\/fr\/joints-a-levres\/joints-a-levres-offre\/\"><span class=\"fusion-button-text awb-button__text awb-button__text--default\">Demander un devis<\/span><\/a><\/div><div class=\"fusion-clearfix\"><\/div><\/div><\/div><\/div><\/div><\/p>\n","protected":false},"excerpt":{"rendered":"","protected":false},"author":1,"featured_media":0,"parent":0,"menu_order":0,"comment_status":"closed","ping_status":"closed","template":"100-width.php","meta":{"footnotes":""},"class_list":["post-17494","page","type-page","status-publish","hentry"],"yoast_head":"<!-- This site is optimized with the Yoast SEO Premium plugin v25.5 (Yoast SEO v27.5) - https:\/\/yoast.com\/product\/yoast-seo-premium-wordpress\/ -->\n<title>Joints \u00e0 l\u00e8vres pour l&#039;\u00e9tanch\u00e9it\u00e9 des portes-fen\u00eatres<\/title>\n<meta name=\"description\" content=\"Les joints \u00e0 l\u00e8vre sont utilis\u00e9s pour \u00e9tanch\u00e9ifier les portes de terrasse. Ils offrent une protection contre la pluie battante, sont r\u00e9sistants et peuvent \u00eatre utilis\u00e9s de mani\u00e8re flexible.\" \/>\n<meta name=\"robots\" content=\"index, follow, max-snippet:-1, max-image-preview:large, max-video-preview:-1\" \/>\n<link rel=\"canonical\" href=\"https:\/\/buerstendichtungen.com\/fr\/joints-a-levres\/\" \/>\n<meta property=\"og:locale\" content=\"fr_FR\" \/>\n<meta property=\"og:type\" content=\"article\" \/>\n<meta property=\"og:title\" content=\"Joints \u00e0 l\u00e8vres\" \/>\n<meta property=\"og:description\" content=\"Les joints \u00e0 l\u00e8vre sont utilis\u00e9s pour \u00e9tanch\u00e9ifier les portes de terrasse. Ils offrent une protection contre la pluie battante, sont r\u00e9sistants et peuvent \u00eatre utilis\u00e9s de mani\u00e8re flexible.\" \/>\n<meta property=\"og:url\" content=\"https:\/\/buerstendichtungen.com\/fr\/joints-a-levres\/\" \/>\n<meta property=\"og:site_name\" content=\"B\u00fcrstendichtungen und andere technische B\u00fcrsten f\u00fcr jeden Einsatz\" \/>\n<meta property=\"article:modified_time\" content=\"2025-01-20T12:22:26+00:00\" \/>\n<meta property=\"og:image\" content=\"https:\/\/buerstendichtungen.com\/wp-content\/uploads\/2018\/02\/Lippendichtungen.png\" \/>\n<meta name=\"twitter:label1\" content=\"Dur\u00e9e de lecture estim\u00e9e\" \/>\n\t<meta name=\"twitter:data1\" content=\"6 minutes\" \/>\n<script type=\"application\/ld+json\" class=\"yoast-schema-graph\">{\"@context\":\"https:\\\/\\\/schema.org\",\"@graph\":[{\"@type\":\"WebPage\",\"@id\":\"https:\\\/\\\/buerstendichtungen.com\\\/fr\\\/joints-a-levres\\\/\",\"url\":\"https:\\\/\\\/buerstendichtungen.com\\\/fr\\\/joints-a-levres\\\/\",\"name\":\"Joints \u00e0 l\u00e8vres pour l'\u00e9tanch\u00e9it\u00e9 des portes-fen\u00eatres\",\"isPartOf\":{\"@id\":\"https:\\\/\\\/buerstendichtungen.com\\\/fr\\\/#website\"},\"primaryImageOfPage\":{\"@id\":\"https:\\\/\\\/buerstendichtungen.com\\\/fr\\\/joints-a-levres\\\/#primaryimage\"},\"image\":{\"@id\":\"https:\\\/\\\/buerstendichtungen.com\\\/fr\\\/joints-a-levres\\\/#primaryimage\"},\"thumbnailUrl\":\"https:\\\/\\\/buerstendichtungen.com\\\/wp-content\\\/uploads\\\/2018\\\/02\\\/Lippendichtungen.png\",\"datePublished\":\"2018-01-26T12:20:07+00:00\",\"dateModified\":\"2025-01-20T12:22:26+00:00\",\"description\":\"Les joints \u00e0 l\u00e8vre sont utilis\u00e9s pour \u00e9tanch\u00e9ifier les portes de terrasse. Ils offrent une protection contre la pluie battante, sont r\u00e9sistants et peuvent \u00eatre utilis\u00e9s de mani\u00e8re flexible.\",\"breadcrumb\":{\"@id\":\"https:\\\/\\\/buerstendichtungen.com\\\/fr\\\/joints-a-levres\\\/#breadcrumb\"},\"inLanguage\":\"fr-FR\",\"potentialAction\":[{\"@type\":\"ReadAction\",\"target\":[\"https:\\\/\\\/buerstendichtungen.com\\\/fr\\\/joints-a-levres\\\/\"]}]},{\"@type\":\"ImageObject\",\"inLanguage\":\"fr-FR\",\"@id\":\"https:\\\/\\\/buerstendichtungen.com\\\/fr\\\/joints-a-levres\\\/#primaryimage\",\"url\":\"https:\\\/\\\/buerstendichtungen.com\\\/wp-content\\\/uploads\\\/2018\\\/02\\\/Lippendichtungen.png\",\"contentUrl\":\"https:\\\/\\\/buerstendichtungen.com\\\/wp-content\\\/uploads\\\/2018\\\/02\\\/Lippendichtungen.png\"},{\"@type\":\"BreadcrumbList\",\"@id\":\"https:\\\/\\\/buerstendichtungen.com\\\/fr\\\/joints-a-levres\\\/#breadcrumb\",\"itemListElement\":[{\"@type\":\"ListItem\",\"position\":1,\"name\":\"Page d'accueil\",\"item\":\"https:\\\/\\\/buerstendichtungen.com\\\/fr\\\/\"},{\"@type\":\"ListItem\",\"position\":2,\"name\":\"Joints \u00e0 l\u00e8vres\"}]},{\"@type\":\"WebSite\",\"@id\":\"https:\\\/\\\/buerstendichtungen.com\\\/fr\\\/#website\",\"url\":\"https:\\\/\\\/buerstendichtungen.com\\\/fr\\\/\",\"name\":\"B\u00fcrstendichtungen und andere technische B\u00fcrsten f\u00fcr jeden Einsatz\",\"description\":\"B\u00fcrstendichtungen, Leistenb\u00fcrsten, Streifenb\u00fcrsten und Abdichtb\u00fcrsten f\u00fcr jede Verwendung\",\"potentialAction\":[{\"@type\":\"SearchAction\",\"target\":{\"@type\":\"EntryPoint\",\"urlTemplate\":\"https:\\\/\\\/buerstendichtungen.com\\\/fr\\\/?s={search_term_string}\"},\"query-input\":{\"@type\":\"PropertyValueSpecification\",\"valueRequired\":true,\"valueName\":\"search_term_string\"}}],\"inLanguage\":\"fr-FR\"}]}<\/script>\n<!-- \/ Yoast SEO Premium plugin. -->","yoast_head_json":{"title":"Joints \u00e0 l\u00e8vres pour l'\u00e9tanch\u00e9it\u00e9 des portes-fen\u00eatres","description":"Les joints \u00e0 l\u00e8vre sont utilis\u00e9s pour \u00e9tanch\u00e9ifier les portes de terrasse. Ils offrent une protection contre la pluie battante, sont r\u00e9sistants et peuvent \u00eatre utilis\u00e9s de mani\u00e8re flexible.","robots":{"index":"index","follow":"follow","max-snippet":"max-snippet:-1","max-image-preview":"max-image-preview:large","max-video-preview":"max-video-preview:-1"},"canonical":"https:\/\/buerstendichtungen.com\/fr\/joints-a-levres\/","og_locale":"fr_FR","og_type":"article","og_title":"Joints \u00e0 l\u00e8vres","og_description":"Les joints \u00e0 l\u00e8vre sont utilis\u00e9s pour \u00e9tanch\u00e9ifier les portes de terrasse. Ils offrent une protection contre la pluie battante, sont r\u00e9sistants et peuvent \u00eatre utilis\u00e9s de mani\u00e8re flexible.","og_url":"https:\/\/buerstendichtungen.com\/fr\/joints-a-levres\/","og_site_name":"B\u00fcrstendichtungen und andere technische B\u00fcrsten f\u00fcr jeden Einsatz","article_modified_time":"2025-01-20T12:22:26+00:00","og_image":[{"url":"https:\/\/buerstendichtungen.com\/wp-content\/uploads\/2018\/02\/Lippendichtungen.png","type":"","width":"","height":""}],"twitter_misc":{"Dur\u00e9e de lecture estim\u00e9e":"6 minutes"},"schema":{"@context":"https:\/\/schema.org","@graph":[{"@type":"WebPage","@id":"https:\/\/buerstendichtungen.com\/fr\/joints-a-levres\/","url":"https:\/\/buerstendichtungen.com\/fr\/joints-a-levres\/","name":"Joints \u00e0 l\u00e8vres pour l'\u00e9tanch\u00e9it\u00e9 des portes-fen\u00eatres","isPartOf":{"@id":"https:\/\/buerstendichtungen.com\/fr\/#website"},"primaryImageOfPage":{"@id":"https:\/\/buerstendichtungen.com\/fr\/joints-a-levres\/#primaryimage"},"image":{"@id":"https:\/\/buerstendichtungen.com\/fr\/joints-a-levres\/#primaryimage"},"thumbnailUrl":"https:\/\/buerstendichtungen.com\/wp-content\/uploads\/2018\/02\/Lippendichtungen.png","datePublished":"2018-01-26T12:20:07+00:00","dateModified":"2025-01-20T12:22:26+00:00","description":"Les joints \u00e0 l\u00e8vre sont utilis\u00e9s pour \u00e9tanch\u00e9ifier les portes de terrasse. Ils offrent une protection contre la pluie battante, sont r\u00e9sistants et peuvent \u00eatre utilis\u00e9s de mani\u00e8re flexible.","breadcrumb":{"@id":"https:\/\/buerstendichtungen.com\/fr\/joints-a-levres\/#breadcrumb"},"inLanguage":"fr-FR","potentialAction":[{"@type":"ReadAction","target":["https:\/\/buerstendichtungen.com\/fr\/joints-a-levres\/"]}]},{"@type":"ImageObject","inLanguage":"fr-FR","@id":"https:\/\/buerstendichtungen.com\/fr\/joints-a-levres\/#primaryimage","url":"https:\/\/buerstendichtungen.com\/wp-content\/uploads\/2018\/02\/Lippendichtungen.png","contentUrl":"https:\/\/buerstendichtungen.com\/wp-content\/uploads\/2018\/02\/Lippendichtungen.png"},{"@type":"BreadcrumbList","@id":"https:\/\/buerstendichtungen.com\/fr\/joints-a-levres\/#breadcrumb","itemListElement":[{"@type":"ListItem","position":1,"name":"Page d'accueil","item":"https:\/\/buerstendichtungen.com\/fr\/"},{"@type":"ListItem","position":2,"name":"Joints \u00e0 l\u00e8vres"}]},{"@type":"WebSite","@id":"https:\/\/buerstendichtungen.com\/fr\/#website","url":"https:\/\/buerstendichtungen.com\/fr\/","name":"B\u00fcrstendichtungen und andere technische B\u00fcrsten f\u00fcr jeden Einsatz","description":"B\u00fcrstendichtungen, Leistenb\u00fcrsten, Streifenb\u00fcrsten und Abdichtb\u00fcrsten f\u00fcr jede Verwendung","potentialAction":[{"@type":"SearchAction","target":{"@type":"EntryPoint","urlTemplate":"https:\/\/buerstendichtungen.com\/fr\/?s={search_term_string}"},"query-input":{"@type":"PropertyValueSpecification","valueRequired":true,"valueName":"search_term_string"}}],"inLanguage":"fr-FR"}]}},"_links":{"self":[{"href":"https:\/\/buerstendichtungen.com\/fr\/wp-json\/wp\/v2\/pages\/17494","targetHints":{"allow":["GET"]}}],"collection":[{"href":"https:\/\/buerstendichtungen.com\/fr\/wp-json\/wp\/v2\/pages"}],"about":[{"href":"https:\/\/buerstendichtungen.com\/fr\/wp-json\/wp\/v2\/types\/page"}],"author":[{"embeddable":true,"href":"https:\/\/buerstendichtungen.com\/fr\/wp-json\/wp\/v2\/users\/1"}],"replies":[{"embeddable":true,"href":"https:\/\/buerstendichtungen.com\/fr\/wp-json\/wp\/v2\/comments?post=17494"}],"version-history":[{"count":9,"href":"https:\/\/buerstendichtungen.com\/fr\/wp-json\/wp\/v2\/pages\/17494\/revisions"}],"predecessor-version":[{"id":17515,"href":"https:\/\/buerstendichtungen.com\/fr\/wp-json\/wp\/v2\/pages\/17494\/revisions\/17515"}],"wp:attachment":[{"href":"https:\/\/buerstendichtungen.com\/fr\/wp-json\/wp\/v2\/media?parent=17494"}],"curies":[{"name":"wp","href":"https:\/\/api.w.org\/{rel}","templated":true}]}}