{"id":17478,"date":"2018-02-16T18:19:05","date_gmt":"2018-02-16T17:19:05","guid":{"rendered":"https:\/\/buerstendichtungen.com\/joints-a-levres-offre\/"},"modified":"2025-01-20T13:22:26","modified_gmt":"2025-01-20T12:22:26","slug":"joints-a-levres-offre","status":"publish","type":"page","link":"https:\/\/buerstendichtungen.com\/fr\/joints-a-levres\/joints-a-levres-offre\/","title":{"rendered":"Joints \u00e0 l\u00e8vres Offre"},"content":{"rendered":"<p><div class=\"fusion-fullwidth fullwidth-box fusion-builder-row-1 nonhundred-percent-fullwidth non-hundred-percent-height-scrolling\" style=\"--awb-border-radius-top-left:0px;--awb-border-radius-top-right:0px;--awb-border-radius-bottom-right:0px;--awb-border-radius-bottom-left:0px;--awb-padding-top:20px;--awb-padding-bottom:20px;--awb-margin-top:20px;--awb-margin-bottom:20px;--awb-flex-wrap:wrap;\" ><div class=\"fusion-builder-row fusion-row\"><div class=\"fusion-layout-column fusion_builder_column fusion-builder-column-0 fusion_builder_column_1_3 1_3 fusion-one-third fusion-column-first\" style=\"--awb-bg-size:cover;width:33.3333333333%;width:calc(33.3333333333% - ( ( 4% ) * 0.333333333333 ) );margin-right: 4%;\"><div class=\"fusion-column-wrapper fusion-flex-column-wrapper-legacy\"><div class=\"fusion-image-element in-legacy-container\" style=\"--awb-caption-title-font-family:var(--h2_typography-font-family);--awb-caption-title-font-weight:var(--h2_typography-font-weight);--awb-caption-title-font-style:var(--h2_typography-font-style);--awb-caption-title-size:var(--h2_typography-font-size);--awb-caption-title-transform:var(--h2_typography-text-transform);--awb-caption-title-line-height:var(--h2_typography-line-height);--awb-caption-title-letter-spacing:var(--h2_typography-letter-spacing);\"><span class=\" fusion-imageframe imageframe-none imageframe-1 hover-type-zoomin\"><a href=\"https:\/\/buerstendichtungen.com\/wp-content\/uploads\/2018\/02\/Lippendichtung_web_klein.png\" class=\"fusion-lightbox\" data-rel=\"iLightbox[0d88f21657e00798ab3]\" data-title=\"Lippendichtung\" title=\"Lippendichtung\"><img decoding=\"async\" width=\"600\" height=\"400\" src=\"https:\/\/buerstendichtungen.com\/wp-content\/uploads\/2018\/02\/Lippendichtung_web_klein.png\" alt class=\"img-responsive wp-image-16077\" srcset=\"https:\/\/buerstendichtungen.com\/wp-content\/uploads\/2018\/02\/Lippendichtung_web_klein-200x133.png 200w, https:\/\/buerstendichtungen.com\/wp-content\/uploads\/2018\/02\/Lippendichtung_web_klein-400x267.png 400w, https:\/\/buerstendichtungen.com\/wp-content\/uploads\/2018\/02\/Lippendichtung_web_klein.png 600w\" sizes=\"(max-width: 800px) 100vw, 400px\" \/><\/a><\/span><\/div><div class=\"fusion-clearfix\"><\/div><\/div><\/div><div class=\"fusion-layout-column fusion_builder_column fusion-builder-column-1 fusion_builder_column_2_3 2_3 fusion-two-third fusion-column-last\" style=\"--awb-padding-top:0px;--awb-bg-size:cover;width:66.6666666667%;width:calc(66.6666666667% - ( ( 4% ) * 0.666666666667 ) );\"><div class=\"fusion-column-wrapper fusion-flex-column-wrapper-legacy\"><div class=\"fusion-text fusion-text-1\"><h1 style=\"text-align: center;\"><span style=\"color: #000000; background-color: #ffffff;\">Joints \u00e0 l\u00e8vres<br \/>\nDemander un devis<\/span><\/h1>\n<\/div><div class=\"fusion-sep-clear\"><\/div><div class=\"fusion-separator\" style=\"margin-left: auto;margin-right: auto;margin-top:5px;margin-bottom:20px;width:100%;max-width:200px;\"><div class=\"fusion-separator-border sep-single sep-solid\" style=\"--awb-height:20px;--awb-amount:20px;--awb-sep-color:rgba(0,0,0,.3);border-color:rgba(000,000,000,.3);border-top-width:1px;\"><\/div><\/div><div class=\"fusion-sep-clear\"><\/div><div class=\"fusion-clearfix\"><\/div><\/div><\/div><\/div><\/div><div class=\"fusion-fullwidth fullwidth-box fusion-builder-row-2 nonhundred-percent-fullwidth non-hundred-percent-height-scrolling\" style=\"--awb-border-radius-top-left:0px;--awb-border-radius-top-right:0px;--awb-border-radius-bottom-right:0px;--awb-border-radius-bottom-left:0px;--awb-flex-wrap:wrap;\" ><div class=\"fusion-builder-row fusion-row\"><div class=\"fusion-layout-column fusion_builder_column fusion-builder-column-2 fusion_builder_column_2_3 2_3 fusion-two-third fusion-column-first\" style=\"--awb-bg-size:cover;width:66.6666666667%;width:calc(66.6666666667% - ( ( 4% ) * 0.666666666667 ) );margin-right: 4%;\"><div class=\"fusion-column-wrapper fusion-flex-column-wrapper-legacy\"><div class=\"fusion-text fusion-text-2\"><p>Les joints \u00e0 l\u00e8vres prot\u00e8gent contre l&rsquo;humidit\u00e9.<br \/>\nVous pouvez demander ici nos joints \u00e0 l\u00e8vres.<div class=\"wpforms-container wpforms-container-full\" id=\"wpforms-3562\"><form id=\"wpforms-form-3562\" class=\"wpforms-validate wpforms-form\" data-formid=\"3562\" method=\"post\" enctype=\"multipart\/form-data\" action=\"\/fr\/wp-json\/wp\/v2\/pages\/17478\" data-token=\"6dcc71503d55d01ca2f75b8f1ff6302d\" data-token-time=\"1778059997\"><noscript class=\"wpforms-error-noscript\">Veuillez activer JavaScript dans votre navigateur pour remplir ce formulaire.<\/noscript><div class=\"wpforms-field-container\"><div id=\"wpforms-3562-field_3-container\" class=\"wpforms-field wpforms-field-number\" data-field-id=\"3\"><label class=\"wpforms-field-label\" for=\"wpforms-3562-field_3\">Gesamtl\u00e4nge (in m)<\/label><input type=\"number\" id=\"wpforms-3562-field_3\" class=\"wpforms-field-small\" name=\"wpforms[fields][3]\" value=\"5000\" step=\"any\" ><div class=\"wpforms-field-description\">Die Mindestl\u00e4nge betr\u00e4gt 5000 Meter. Bitte tragen Sie hier die ben\u00f6tigte Gesamtl\u00e4nge in Meter ein. <\/div><\/div><div id=\"wpforms-3562-field_27-container\" class=\"wpforms-field wpforms-field-name\" data-field-id=\"27\"><label class=\"wpforms-field-label\" for=\"wpforms-3562-field_27\">Name <span class=\"wpforms-required-label\">*<\/span><\/label><div class=\"wpforms-field-row wpforms-field-medium\"><div class=\"wpforms-field-row-block wpforms-first wpforms-one-half\"><input type=\"text\" id=\"wpforms-3562-field_27\" class=\"wpforms-field-name-first wpforms-field-required\" name=\"wpforms[fields][27][first]\" required><label for=\"wpforms-3562-field_27\" class=\"wpforms-field-sublabel after wpforms-sublabel-hide\">Pr\u00e9nom<\/label><\/div><div class=\"wpforms-field-row-block wpforms-one-half\"><input type=\"text\" id=\"wpforms-3562-field_27-last\" class=\"wpforms-field-name-last wpforms-field-required\" name=\"wpforms[fields][27][last]\" required><label for=\"wpforms-3562-field_27-last\" class=\"wpforms-field-sublabel after wpforms-sublabel-hide\">Nom<\/label><\/div><\/div><div class=\"wpforms-field-description\">Bitte teilen Sie uns Ihren Vor- und Nachnamen mit<\/div><\/div><div id=\"wpforms-3562-field_26-container\" class=\"wpforms-field wpforms-field-text\" data-field-id=\"26\"><label class=\"wpforms-field-label\" for=\"wpforms-3562-field_26\">Firma<\/label><input type=\"text\" id=\"wpforms-3562-field_26\" class=\"wpforms-field-medium\" name=\"wpforms[fields][26]\" ><\/div><div id=\"wpforms-3562-field_28-container\" class=\"wpforms-field wpforms-field-email\" data-field-id=\"28\"><label class=\"wpforms-field-label\" for=\"wpforms-3562-field_28\">Email <span class=\"wpforms-required-label\">*<\/span><\/label><input type=\"email\" id=\"wpforms-3562-field_28\" class=\"wpforms-field-medium wpforms-field-required\" name=\"wpforms[fields][28]\" spellcheck=\"false\" required><\/div><div id=\"wpforms-3562-field_29-container\" class=\"wpforms-field wpforms-field-textarea\" data-field-id=\"29\"><label class=\"wpforms-field-label\" for=\"wpforms-3562-field_29\">Ihre Nachricht<\/label><textarea id=\"wpforms-3562-field_29\" class=\"wpforms-field-medium\" name=\"wpforms[fields][29]\" ><\/textarea><div class=\"wpforms-field-description\">Hier haben Sie die M\u00f6glichkeit uns besondere W\u00fcnsche oder den Verwendungszweck f\u00fcr Ihre Lippendichtung mitzuteilen<\/div><\/div><div id=\"wpforms-3562-field_40-container\" class=\"wpforms-field wpforms-field-checkbox\" data-field-id=\"40\"><label class=\"wpforms-field-label\">Einwilligungserkl\u00e4rung Datenschutz <span class=\"wpforms-required-label\">*<\/span><\/label><ul id=\"wpforms-3562-field_40\" class=\"wpforms-field-required\"><li class=\"choice-1 depth-1\"><input type=\"checkbox\" id=\"wpforms-3562-field_40_1\" name=\"wpforms[fields][40][]\" value=\"Ja, ich habe die &lt;a href=&quot;https:\/\/buerstendichtungen.com\/datenschutzerklaerung-2\/&quot;&gt;Datenschutzerkl\u00e4rung&lt;\/a&gt; zur Kenntnis genommen und bin damit einverstanden, dass die von mir angegebenen Daten elektronisch erhoben und gespeichert werden. Meine Daten werden dabei nur streng zweckgebunden zur Bearbeitung und Beantwortung meiner Anfrage genutzt.\" required ><label class=\"wpforms-field-label-inline\" for=\"wpforms-3562-field_40_1\">Ja, ich habe die <a href=\"https:\/\/buerstendichtungen.com\/datenschutzerklaerung-2\/\">Datenschutzerkl\u00e4rung<\/a> zur Kenntnis genommen und bin damit einverstanden, dass die von mir angegebenen Daten elektronisch erhoben und gespeichert werden. Meine Daten werden dabei nur streng zweckgebunden zur Bearbeitung und Beantwortung meiner Anfrage genutzt.<\/label><\/li><\/ul><\/div><\/div><!-- .wpforms-field-container --><div class=\"wpforms-field wpforms-field-hp\"><label for=\"wpforms-3562-field-hp\" class=\"wpforms-field-label\">Message<\/label><input type=\"text\" name=\"wpforms[hp]\" id=\"wpforms-3562-field-hp\" class=\"wpforms-field-medium\"><\/div><div class=\"wpforms-submit-container\" ><input type=\"hidden\" name=\"wpforms[id]\" value=\"3562\"><input type=\"hidden\" name=\"page_title\" value=\"\"><input type=\"hidden\" name=\"page_url\" value=\"https:\/\/buerstendichtungen.com\/fr\/wp-json\/wp\/v2\/pages\/17478\"><input type=\"hidden\" name=\"url_referer\" value=\"\"><button type=\"submit\" name=\"wpforms[submit]\" id=\"wpforms-submit-3562\" class=\"wpforms-submit\" data-alt-text=\"Anfrage wird gesendet\" data-submit-text=\"Anfrage senden\" aria-live=\"assertive\" value=\"wpforms-submit\">Anfrage senden<\/button><\/div><\/form><\/div>  <!-- .wpforms-container --><\/p>\n<p> * Champ obligatoire (Les champs marqu\u00e9s d&rsquo;un ast\u00e9risque sont obligatoires)<\/p>\n<\/div><div class=\"fusion-clearfix\"><\/div><\/div><\/div><div class=\"fusion-layout-column fusion_builder_column fusion-builder-column-3 fusion_builder_column_1_3 1_3 fusion-one-third fusion-column-last\" style=\"--awb-bg-size:cover;width:33.3333333333%;width:calc(33.3333333333% - ( ( 4% ) * 0.333333333333 ) );\"><div class=\"fusion-column-wrapper fusion-flex-column-wrapper-legacy\"><div class=\"fusion-image-element in-legacy-container\" style=\"--awb-caption-title-font-family:var(--h2_typography-font-family);--awb-caption-title-font-weight:var(--h2_typography-font-weight);--awb-caption-title-font-style:var(--h2_typography-font-style);--awb-caption-title-size:var(--h2_typography-font-size);--awb-caption-title-transform:var(--h2_typography-text-transform);--awb-caption-title-line-height:var(--h2_typography-line-height);--awb-caption-title-letter-spacing:var(--h2_typography-letter-spacing);\"><span class=\" fusion-imageframe imageframe-none imageframe-2 hover-type-none\"><img decoding=\"async\" width=\"400\" height=\"494\" title=\"Lippendichtungen\" src=\"https:\/\/buerstendichtungen.com\/wp-content\/uploads\/2018\/02\/Lippendichtungen.png\" alt class=\"img-responsive wp-image-16079\" srcset=\"https:\/\/buerstendichtungen.com\/wp-content\/uploads\/2018\/02\/Lippendichtungen-200x247.png 200w, https:\/\/buerstendichtungen.com\/wp-content\/uploads\/2018\/02\/Lippendichtungen.png 400w\" sizes=\"(max-width: 800px) 100vw, 400px\" \/><\/span><\/div><div class=\"fusion-clearfix\"><\/div><\/div><\/div><\/div><\/div><\/p>\n","protected":false},"excerpt":{"rendered":"","protected":false},"author":1,"featured_media":0,"parent":17494,"menu_order":0,"comment_status":"closed","ping_status":"closed","template":"100-width.php","meta":{"footnotes":""},"class_list":["post-17478","page","type-page","status-publish","hentry"],"yoast_head":"<!-- This site is optimized with the Yoast SEO Premium plugin v25.5 (Yoast SEO v27.5) - https:\/\/yoast.com\/product\/yoast-seo-premium-wordpress\/ -->\n<title>Joints \u00e0 l\u00e8vres pour la protection contre l&#039;humidit\u00e9 et l&#039;eau<\/title>\n<meta name=\"description\" content=\"Protection contre la corrosion et l&#039;humidit\u00e9 : utilisez notre formulaire de demande pour commander nos joints \u00e0 l\u00e8vres. Nous serons heureux de r\u00e9pondre \u00e0 votre demande.\" \/>\n<meta name=\"robots\" content=\"noindex, follow\" \/>\n<meta property=\"og:locale\" content=\"fr_FR\" \/>\n<meta property=\"og:type\" content=\"article\" \/>\n<meta property=\"og:title\" content=\"Joints \u00e0 l\u00e8vres Offre\" \/>\n<meta property=\"og:description\" content=\"Protection contre la corrosion et l&#039;humidit\u00e9 : utilisez notre formulaire de demande pour commander nos joints \u00e0 l\u00e8vres. Nous serons heureux de r\u00e9pondre \u00e0 votre demande.\" \/>\n<meta property=\"og:url\" content=\"https:\/\/buerstendichtungen.com\/fr\/joints-a-levres\/joints-a-levres-offre\/\" \/>\n<meta property=\"og:site_name\" content=\"B\u00fcrstendichtungen und andere technische B\u00fcrsten f\u00fcr jeden Einsatz\" \/>\n<meta property=\"article:modified_time\" content=\"2025-01-20T12:22:26+00:00\" \/>\n<meta name=\"twitter:label1\" content=\"Dur\u00e9e de lecture estim\u00e9e\" \/>\n\t<meta name=\"twitter:data1\" content=\"5 minutes\" \/>\n<script type=\"application\/ld+json\" class=\"yoast-schema-graph\">{\"@context\":\"https:\\\/\\\/schema.org\",\"@graph\":[{\"@type\":\"WebPage\",\"@id\":\"https:\\\/\\\/buerstendichtungen.com\\\/fr\\\/joints-a-levres\\\/joints-a-levres-offre\\\/\",\"url\":\"https:\\\/\\\/buerstendichtungen.com\\\/fr\\\/joints-a-levres\\\/joints-a-levres-offre\\\/\",\"name\":\"Joints \u00e0 l\u00e8vres pour la protection contre l'humidit\u00e9 et l'eau\",\"isPartOf\":{\"@id\":\"https:\\\/\\\/buerstendichtungen.com\\\/fr\\\/#website\"},\"datePublished\":\"2018-02-16T17:19:05+00:00\",\"dateModified\":\"2025-01-20T12:22:26+00:00\",\"description\":\"Protection contre la corrosion et l'humidit\u00e9 : utilisez notre formulaire de demande pour commander nos joints \u00e0 l\u00e8vres. Nous serons heureux de r\u00e9pondre \u00e0 votre demande.\",\"breadcrumb\":{\"@id\":\"https:\\\/\\\/buerstendichtungen.com\\\/fr\\\/joints-a-levres\\\/joints-a-levres-offre\\\/#breadcrumb\"},\"inLanguage\":\"fr-FR\",\"potentialAction\":[{\"@type\":\"ReadAction\",\"target\":[\"https:\\\/\\\/buerstendichtungen.com\\\/fr\\\/joints-a-levres\\\/joints-a-levres-offre\\\/\"]}]},{\"@type\":\"BreadcrumbList\",\"@id\":\"https:\\\/\\\/buerstendichtungen.com\\\/fr\\\/joints-a-levres\\\/joints-a-levres-offre\\\/#breadcrumb\",\"itemListElement\":[{\"@type\":\"ListItem\",\"position\":1,\"name\":\"Page d'accueil\",\"item\":\"https:\\\/\\\/buerstendichtungen.com\\\/fr\\\/\"},{\"@type\":\"ListItem\",\"position\":2,\"name\":\"Joints \u00e0 l\u00e8vres\",\"item\":\"https:\\\/\\\/buerstendichtungen.com\\\/fr\\\/joints-a-levres\\\/\"},{\"@type\":\"ListItem\",\"position\":3,\"name\":\"Joints \u00e0 l\u00e8vres Offre\"}]},{\"@type\":\"WebSite\",\"@id\":\"https:\\\/\\\/buerstendichtungen.com\\\/fr\\\/#website\",\"url\":\"https:\\\/\\\/buerstendichtungen.com\\\/fr\\\/\",\"name\":\"B\u00fcrstendichtungen und andere technische B\u00fcrsten f\u00fcr jeden Einsatz\",\"description\":\"B\u00fcrstendichtungen, Leistenb\u00fcrsten, Streifenb\u00fcrsten und Abdichtb\u00fcrsten f\u00fcr jede Verwendung\",\"potentialAction\":[{\"@type\":\"SearchAction\",\"target\":{\"@type\":\"EntryPoint\",\"urlTemplate\":\"https:\\\/\\\/buerstendichtungen.com\\\/fr\\\/?s={search_term_string}\"},\"query-input\":{\"@type\":\"PropertyValueSpecification\",\"valueRequired\":true,\"valueName\":\"search_term_string\"}}],\"inLanguage\":\"fr-FR\"}]}<\/script>\n<!-- \/ Yoast SEO Premium plugin. -->","yoast_head_json":{"title":"Joints \u00e0 l\u00e8vres pour la protection contre l'humidit\u00e9 et l'eau","description":"Protection contre la corrosion et l'humidit\u00e9 : utilisez notre formulaire de demande pour commander nos joints \u00e0 l\u00e8vres. Nous serons heureux de r\u00e9pondre \u00e0 votre demande.","robots":{"index":"noindex","follow":"follow"},"og_locale":"fr_FR","og_type":"article","og_title":"Joints \u00e0 l\u00e8vres Offre","og_description":"Protection contre la corrosion et l'humidit\u00e9 : utilisez notre formulaire de demande pour commander nos joints \u00e0 l\u00e8vres. Nous serons heureux de r\u00e9pondre \u00e0 votre demande.","og_url":"https:\/\/buerstendichtungen.com\/fr\/joints-a-levres\/joints-a-levres-offre\/","og_site_name":"B\u00fcrstendichtungen und andere technische B\u00fcrsten f\u00fcr jeden Einsatz","article_modified_time":"2025-01-20T12:22:26+00:00","twitter_misc":{"Dur\u00e9e de lecture estim\u00e9e":"5 minutes"},"schema":{"@context":"https:\/\/schema.org","@graph":[{"@type":"WebPage","@id":"https:\/\/buerstendichtungen.com\/fr\/joints-a-levres\/joints-a-levres-offre\/","url":"https:\/\/buerstendichtungen.com\/fr\/joints-a-levres\/joints-a-levres-offre\/","name":"Joints \u00e0 l\u00e8vres pour la protection contre l'humidit\u00e9 et l'eau","isPartOf":{"@id":"https:\/\/buerstendichtungen.com\/fr\/#website"},"datePublished":"2018-02-16T17:19:05+00:00","dateModified":"2025-01-20T12:22:26+00:00","description":"Protection contre la corrosion et l'humidit\u00e9 : utilisez notre formulaire de demande pour commander nos joints \u00e0 l\u00e8vres. Nous serons heureux de r\u00e9pondre \u00e0 votre demande.","breadcrumb":{"@id":"https:\/\/buerstendichtungen.com\/fr\/joints-a-levres\/joints-a-levres-offre\/#breadcrumb"},"inLanguage":"fr-FR","potentialAction":[{"@type":"ReadAction","target":["https:\/\/buerstendichtungen.com\/fr\/joints-a-levres\/joints-a-levres-offre\/"]}]},{"@type":"BreadcrumbList","@id":"https:\/\/buerstendichtungen.com\/fr\/joints-a-levres\/joints-a-levres-offre\/#breadcrumb","itemListElement":[{"@type":"ListItem","position":1,"name":"Page d'accueil","item":"https:\/\/buerstendichtungen.com\/fr\/"},{"@type":"ListItem","position":2,"name":"Joints \u00e0 l\u00e8vres","item":"https:\/\/buerstendichtungen.com\/fr\/joints-a-levres\/"},{"@type":"ListItem","position":3,"name":"Joints \u00e0 l\u00e8vres Offre"}]},{"@type":"WebSite","@id":"https:\/\/buerstendichtungen.com\/fr\/#website","url":"https:\/\/buerstendichtungen.com\/fr\/","name":"B\u00fcrstendichtungen und andere technische B\u00fcrsten f\u00fcr jeden Einsatz","description":"B\u00fcrstendichtungen, Leistenb\u00fcrsten, Streifenb\u00fcrsten und Abdichtb\u00fcrsten f\u00fcr jede Verwendung","potentialAction":[{"@type":"SearchAction","target":{"@type":"EntryPoint","urlTemplate":"https:\/\/buerstendichtungen.com\/fr\/?s={search_term_string}"},"query-input":{"@type":"PropertyValueSpecification","valueRequired":true,"valueName":"search_term_string"}}],"inLanguage":"fr-FR"}]}},"_links":{"self":[{"href":"https:\/\/buerstendichtungen.com\/fr\/wp-json\/wp\/v2\/pages\/17478","targetHints":{"allow":["GET"]}}],"collection":[{"href":"https:\/\/buerstendichtungen.com\/fr\/wp-json\/wp\/v2\/pages"}],"about":[{"href":"https:\/\/buerstendichtungen.com\/fr\/wp-json\/wp\/v2\/types\/page"}],"author":[{"embeddable":true,"href":"https:\/\/buerstendichtungen.com\/fr\/wp-json\/wp\/v2\/users\/1"}],"replies":[{"embeddable":true,"href":"https:\/\/buerstendichtungen.com\/fr\/wp-json\/wp\/v2\/comments?post=17478"}],"version-history":[{"count":2,"href":"https:\/\/buerstendichtungen.com\/fr\/wp-json\/wp\/v2\/pages\/17478\/revisions"}],"predecessor-version":[{"id":17492,"href":"https:\/\/buerstendichtungen.com\/fr\/wp-json\/wp\/v2\/pages\/17478\/revisions\/17492"}],"up":[{"embeddable":true,"href":"https:\/\/buerstendichtungen.com\/fr\/wp-json\/wp\/v2\/pages\/17494"}],"wp:attachment":[{"href":"https:\/\/buerstendichtungen.com\/fr\/wp-json\/wp\/v2\/media?parent=17478"}],"curies":[{"name":"wp","href":"https:\/\/api.w.org\/{rel}","templated":true}]}}