{"id":17376,"date":"2017-08-02T12:06:22","date_gmt":"2017-08-02T10:06:22","guid":{"rendered":"https:\/\/buerstendichtungen.com\/credit-photo\/"},"modified":"2017-08-02T12:06:22","modified_gmt":"2017-08-02T10:06:22","slug":"credit-photo","status":"publish","type":"page","link":"https:\/\/buerstendichtungen.com\/fr\/credit-photo\/","title":{"rendered":"Cr\u00e9dit photo"},"content":{"rendered":"<h1>Cr\u00e9dit photo<\/h1>\n<p>Vous trouverez ici les sources des images utilis\u00e9es sur le site Internet de b\u00fcrstendichtungen.com : toutes les images \u00a9 Holger Pott \/ Pro-Con GmbH Trading Conceptions<\/p>\n","protected":false},"excerpt":{"rendered":"<p>Cr\u00e9dit photo Vous trouverez ici les sources des images utilis\u00e9es  [&#8230;]<\/p>\n","protected":false},"author":1,"featured_media":0,"parent":0,"menu_order":0,"comment_status":"closed","ping_status":"closed","template":"","meta":{"footnotes":""},"class_list":["post-17376","page","type-page","status-publish","hentry"],"yoast_head":"<!-- This site is optimized with the Yoast SEO Premium plugin v25.5 (Yoast SEO v27.5) - https:\/\/yoast.com\/product\/yoast-seo-premium-wordpress\/ -->\n<title>Sources des images de buerstendichtungen.com<\/title>\n<meta name=\"description\" content=\"Vous trouverez ici les r\u00e9f\u00e9rences des images utilis\u00e9es sur le site Internet de b\u00fcrstendichtungen.com.\" \/>\n<meta name=\"robots\" content=\"noindex, follow\" \/>\n<meta property=\"og:locale\" content=\"fr_FR\" \/>\n<meta property=\"og:type\" content=\"article\" \/>\n<meta property=\"og:title\" content=\"Cr\u00e9dit photo\" \/>\n<meta property=\"og:description\" content=\"Vous trouverez ici les r\u00e9f\u00e9rences des images utilis\u00e9es sur le site Internet de b\u00fcrstendichtungen.com.\" \/>\n<meta property=\"og:url\" content=\"https:\/\/buerstendichtungen.com\/fr\/credit-photo\/\" \/>\n<meta property=\"og:site_name\" content=\"B\u00fcrstendichtungen und andere technische B\u00fcrsten f\u00fcr jeden Einsatz\" \/>\n<script type=\"application\/ld+json\" class=\"yoast-schema-graph\">{\"@context\":\"https:\\\/\\\/schema.org\",\"@graph\":[{\"@type\":\"WebPage\",\"@id\":\"https:\\\/\\\/buerstendichtungen.com\\\/fr\\\/credit-photo\\\/\",\"url\":\"https:\\\/\\\/buerstendichtungen.com\\\/fr\\\/credit-photo\\\/\",\"name\":\"Sources des images de buerstendichtungen.com\",\"isPartOf\":{\"@id\":\"https:\\\/\\\/buerstendichtungen.com\\\/fr\\\/#website\"},\"datePublished\":\"2017-08-02T10:06:22+00:00\",\"description\":\"Vous trouverez ici les r\u00e9f\u00e9rences des images utilis\u00e9es sur le site Internet de b\u00fcrstendichtungen.com.\",\"breadcrumb\":{\"@id\":\"https:\\\/\\\/buerstendichtungen.com\\\/fr\\\/credit-photo\\\/#breadcrumb\"},\"inLanguage\":\"fr-FR\",\"potentialAction\":[{\"@type\":\"ReadAction\",\"target\":[\"https:\\\/\\\/buerstendichtungen.com\\\/fr\\\/credit-photo\\\/\"]}]},{\"@type\":\"BreadcrumbList\",\"@id\":\"https:\\\/\\\/buerstendichtungen.com\\\/fr\\\/credit-photo\\\/#breadcrumb\",\"itemListElement\":[{\"@type\":\"ListItem\",\"position\":1,\"name\":\"Page d'accueil\",\"item\":\"https:\\\/\\\/buerstendichtungen.com\\\/fr\\\/\"},{\"@type\":\"ListItem\",\"position\":2,\"name\":\"Cr\u00e9dit photo\"}]},{\"@type\":\"WebSite\",\"@id\":\"https:\\\/\\\/buerstendichtungen.com\\\/fr\\\/#website\",\"url\":\"https:\\\/\\\/buerstendichtungen.com\\\/fr\\\/\",\"name\":\"B\u00fcrstendichtungen und andere technische B\u00fcrsten f\u00fcr jeden Einsatz\",\"description\":\"B\u00fcrstendichtungen, Leistenb\u00fcrsten, Streifenb\u00fcrsten und Abdichtb\u00fcrsten f\u00fcr jede Verwendung\",\"potentialAction\":[{\"@type\":\"SearchAction\",\"target\":{\"@type\":\"EntryPoint\",\"urlTemplate\":\"https:\\\/\\\/buerstendichtungen.com\\\/fr\\\/?s={search_term_string}\"},\"query-input\":{\"@type\":\"PropertyValueSpecification\",\"valueRequired\":true,\"valueName\":\"search_term_string\"}}],\"inLanguage\":\"fr-FR\"}]}<\/script>\n<!-- \/ Yoast SEO Premium plugin. -->","yoast_head_json":{"title":"Sources des images de buerstendichtungen.com","description":"Vous trouverez ici les r\u00e9f\u00e9rences des images utilis\u00e9es sur le site Internet de b\u00fcrstendichtungen.com.","robots":{"index":"noindex","follow":"follow"},"og_locale":"fr_FR","og_type":"article","og_title":"Cr\u00e9dit photo","og_description":"Vous trouverez ici les r\u00e9f\u00e9rences des images utilis\u00e9es sur le site Internet de b\u00fcrstendichtungen.com.","og_url":"https:\/\/buerstendichtungen.com\/fr\/credit-photo\/","og_site_name":"B\u00fcrstendichtungen und andere technische B\u00fcrsten f\u00fcr jeden Einsatz","schema":{"@context":"https:\/\/schema.org","@graph":[{"@type":"WebPage","@id":"https:\/\/buerstendichtungen.com\/fr\/credit-photo\/","url":"https:\/\/buerstendichtungen.com\/fr\/credit-photo\/","name":"Sources des images de buerstendichtungen.com","isPartOf":{"@id":"https:\/\/buerstendichtungen.com\/fr\/#website"},"datePublished":"2017-08-02T10:06:22+00:00","description":"Vous trouverez ici les r\u00e9f\u00e9rences des images utilis\u00e9es sur le site Internet de b\u00fcrstendichtungen.com.","breadcrumb":{"@id":"https:\/\/buerstendichtungen.com\/fr\/credit-photo\/#breadcrumb"},"inLanguage":"fr-FR","potentialAction":[{"@type":"ReadAction","target":["https:\/\/buerstendichtungen.com\/fr\/credit-photo\/"]}]},{"@type":"BreadcrumbList","@id":"https:\/\/buerstendichtungen.com\/fr\/credit-photo\/#breadcrumb","itemListElement":[{"@type":"ListItem","position":1,"name":"Page d'accueil","item":"https:\/\/buerstendichtungen.com\/fr\/"},{"@type":"ListItem","position":2,"name":"Cr\u00e9dit photo"}]},{"@type":"WebSite","@id":"https:\/\/buerstendichtungen.com\/fr\/#website","url":"https:\/\/buerstendichtungen.com\/fr\/","name":"B\u00fcrstendichtungen und andere technische B\u00fcrsten f\u00fcr jeden Einsatz","description":"B\u00fcrstendichtungen, Leistenb\u00fcrsten, Streifenb\u00fcrsten und Abdichtb\u00fcrsten f\u00fcr jede Verwendung","potentialAction":[{"@type":"SearchAction","target":{"@type":"EntryPoint","urlTemplate":"https:\/\/buerstendichtungen.com\/fr\/?s={search_term_string}"},"query-input":{"@type":"PropertyValueSpecification","valueRequired":true,"valueName":"search_term_string"}}],"inLanguage":"fr-FR"}]}},"_links":{"self":[{"href":"https:\/\/buerstendichtungen.com\/fr\/wp-json\/wp\/v2\/pages\/17376","targetHints":{"allow":["GET"]}}],"collection":[{"href":"https:\/\/buerstendichtungen.com\/fr\/wp-json\/wp\/v2\/pages"}],"about":[{"href":"https:\/\/buerstendichtungen.com\/fr\/wp-json\/wp\/v2\/types\/page"}],"author":[{"embeddable":true,"href":"https:\/\/buerstendichtungen.com\/fr\/wp-json\/wp\/v2\/users\/1"}],"replies":[{"embeddable":true,"href":"https:\/\/buerstendichtungen.com\/fr\/wp-json\/wp\/v2\/comments?post=17376"}],"version-history":[{"count":0,"href":"https:\/\/buerstendichtungen.com\/fr\/wp-json\/wp\/v2\/pages\/17376\/revisions"}],"wp:attachment":[{"href":"https:\/\/buerstendichtungen.com\/fr\/wp-json\/wp\/v2\/media?parent=17376"}],"curies":[{"name":"wp","href":"https:\/\/api.w.org\/{rel}","templated":true}]}}