{"id":17355,"date":"2021-05-08T11:05:57","date_gmt":"2021-05-08T09:05:57","guid":{"rendered":"https:\/\/buerstendichtungen.com\/brosses-metalliques-en-acier-inoxydable\/concepteur-de-brosses-brosses-en-acier-inoxydable\/"},"modified":"2025-01-20T13:19:24","modified_gmt":"2025-01-20T12:19:24","slug":"concepteur-de-brosses-brosses-en-acier-inoxydable","status":"publish","type":"page","link":"https:\/\/buerstendichtungen.com\/fr\/concepteur-de-brosses-brosses-en-acier-inoxydable\/","title":{"rendered":"Concepteur de brosses Brosses en acier inoxydable"},"content":{"rendered":"<div class=\"fusion-fullwidth fullwidth-box fusion-builder-row-1 nonhundred-percent-fullwidth non-hundred-percent-height-scrolling\" style=\"--awb-border-radius-top-left:0px;--awb-border-radius-top-right:0px;--awb-border-radius-bottom-right:0px;--awb-border-radius-bottom-left:0px;--awb-flex-wrap:wrap;\" ><div class=\"fusion-builder-row fusion-row\"><div class=\"fusion-layout-column fusion_builder_column fusion-builder-column-0 fusion_builder_column_1_1 1_1 fusion-one-full fusion-column-first fusion-column-last\" style=\"--awb-bg-size:cover;\"><div class=\"fusion-column-wrapper fusion-flex-column-wrapper-legacy\"><div class=\"fusion-text fusion-text-1\"><h1>Concepteur de brosses | Brosses m\u00e9talliques en acier inoxydable tous mod\u00e8les<\/h1>\n<p>Ici, vous pouvez adapter votre brosse en acier inoxydable \u00e0 vos besoins, quel que soit le mod\u00e8le. De quel mod\u00e8le avez-vous besoin ?<\/p>\n<\/div><div class=\"fusion-recent-works fusion-portfolio-element fusion-portfolio fusion-portfolio-1 fusion-portfolio-grid fusion-portfolio-paging-pagination fusion-portfolio-four fusion-portfolio-no_text\" data-id=\"-rw-1\" data-columns=\"four\"><style type=\"text\/css\">.fusion-portfolio-1 .fusion-portfolio-wrapper .fusion-col-spacing{padding:5px;}<\/style><div class=\"fusion-portfolio-wrapper\" id=\"fusion-portfolio-1\" data-picturesize=\"auto\" data-pages=\"1\" style=\"margin:-5px;\"><article id=\"portfolio-1-post-17721\" class=\"fusion-portfolio-post brosses-metalliques-en-acier-inoxydable fusion-col-spacing post-17721\"><div class=\"fusion-portfolio-content-wrapper\" style=\"border:none;\"><span class=\"entry-title rich-snippet-hidden\">Brosse en fil d&rsquo;acier inoxydable profil\u00e9 en h<\/span><span class=\"vcard rich-snippet-hidden\"><span class=\"fn\"><a href=\"https:\/\/buerstendichtungen.com\/fr\/author\/procon\/\" title=\"Articles par ProCon\" rel=\"author\">ProCon<\/a><\/span><\/span><span class=\"updated rich-snippet-hidden\">2025-01-21T23:16:50+01:00<\/span><div  class=\"fusion-image-wrapper\" aria-haspopup=\"true\">\n\t\t\t\t\t\t\t<a href=\"https:\/\/buerstendichtungen.com\/fr\/ausfuehrungen\/brosse-en-fil-dacier-inoxydable-profile-en-h\/\" aria-label=\"Brosse en fil d&rsquo;acier inoxydable profil\u00e9 en h\">\n\t\t\t\t\t\t\t<img decoding=\"async\" width=\"600\" height=\"600\" src=\"https:\/\/buerstendichtungen.com\/wp-content\/uploads\/2021\/10\/Edelstahldrahtbuerste-in-h-Profil-1.jpg\" class=\"attachment-full size-full wp-post-image\" alt=\"Edelstahldrahtbuerste-in-h-Profil\" srcset=\"https:\/\/buerstendichtungen.com\/wp-content\/uploads\/2021\/10\/Edelstahldrahtbuerste-in-h-Profil-1-200x200.jpg 200w, https:\/\/buerstendichtungen.com\/wp-content\/uploads\/2021\/10\/Edelstahldrahtbuerste-in-h-Profil-1-400x400.jpg 400w, https:\/\/buerstendichtungen.com\/wp-content\/uploads\/2021\/10\/Edelstahldrahtbuerste-in-h-Profil-1.jpg 600w\" sizes=\"(min-width: 2200px) 100vw, (min-width: 736px) 268px, (min-width: 704px) 357px, (min-width: 672px) 535px, (min-width: 640px) 672px, \" \/>\t\t\t<\/a>\n\t\t\t\t\t\t\t<\/div>\n<\/div><\/article><article id=\"portfolio-1-post-17735\" class=\"fusion-portfolio-post brosses-metalliques-en-acier-inoxydable fusion-col-spacing post-17735\"><div class=\"fusion-portfolio-content-wrapper\" style=\"border:none;\"><span class=\"entry-title rich-snippet-hidden\">Brosse en fil d&rsquo;acier inoxydable en profil F<\/span><span class=\"vcard rich-snippet-hidden\"><span class=\"fn\"><a href=\"https:\/\/buerstendichtungen.com\/fr\/author\/procon\/\" title=\"Articles par ProCon\" rel=\"author\">ProCon<\/a><\/span><\/span><span class=\"updated rich-snippet-hidden\">2025-01-21T23:15:57+01:00<\/span><div  class=\"fusion-image-wrapper\" aria-haspopup=\"true\">\n\t\t\t\t\t\t\t<a href=\"https:\/\/buerstendichtungen.com\/fr\/ausfuehrungen\/brosse-en-fil-dacier-inoxydable-en-profil-f\/\" aria-label=\"Brosse en fil d&rsquo;acier inoxydable en profil F\">\n\t\t\t\t\t\t\t<img decoding=\"async\" width=\"600\" height=\"600\" src=\"https:\/\/buerstendichtungen.com\/wp-content\/uploads\/2021\/10\/Edelstahldrahtbuerste-in-F-Profil-1.jpg\" class=\"attachment-full size-full wp-post-image\" alt=\"Edelstahldrahtbuerste-in-F-Profil\" srcset=\"https:\/\/buerstendichtungen.com\/wp-content\/uploads\/2021\/10\/Edelstahldrahtbuerste-in-F-Profil-1-200x200.jpg 200w, https:\/\/buerstendichtungen.com\/wp-content\/uploads\/2021\/10\/Edelstahldrahtbuerste-in-F-Profil-1-400x400.jpg 400w, https:\/\/buerstendichtungen.com\/wp-content\/uploads\/2021\/10\/Edelstahldrahtbuerste-in-F-Profil-1.jpg 600w\" sizes=\"(min-width: 2200px) 100vw, (min-width: 736px) 268px, (min-width: 704px) 357px, (min-width: 672px) 535px, (min-width: 640px) 672px, \" \/>\t\t\t<\/a>\n\t\t\t\t\t\t\t<\/div>\n<\/div><\/article><article id=\"portfolio-1-post-17743\" class=\"fusion-portfolio-post brosses-metalliques-en-acier-inoxydable fusion-col-spacing post-17743\"><div class=\"fusion-portfolio-content-wrapper\" style=\"border:none;\"><span class=\"entry-title rich-snippet-hidden\">Brosse en fil d&rsquo;acier inoxydable profil\u00e9e en y<\/span><span class=\"vcard rich-snippet-hidden\"><span class=\"fn\"><a href=\"https:\/\/buerstendichtungen.com\/fr\/author\/procon\/\" title=\"Articles par ProCon\" rel=\"author\">ProCon<\/a><\/span><\/span><span class=\"updated rich-snippet-hidden\">2025-01-21T23:13:56+01:00<\/span><div  class=\"fusion-image-wrapper\" aria-haspopup=\"true\">\n\t\t\t\t\t\t\t<a href=\"https:\/\/buerstendichtungen.com\/fr\/ausfuehrungen\/brosse-en-fil-dacier-inoxydable-profilee-en-y\/\" aria-label=\"Brosse en fil d&rsquo;acier inoxydable profil\u00e9e en y\">\n\t\t\t\t\t\t\t<img decoding=\"async\" width=\"600\" height=\"600\" src=\"https:\/\/buerstendichtungen.com\/wp-content\/uploads\/2021\/10\/Edelstahldrahtbuerste-in-y-Profil-1.jpg\" class=\"attachment-full size-full wp-post-image\" alt=\"Edelstahldrahtbuerste-in-y-Profil\" srcset=\"https:\/\/buerstendichtungen.com\/wp-content\/uploads\/2021\/10\/Edelstahldrahtbuerste-in-y-Profil-1-200x200.jpg 200w, https:\/\/buerstendichtungen.com\/wp-content\/uploads\/2021\/10\/Edelstahldrahtbuerste-in-y-Profil-1-400x400.jpg 400w, https:\/\/buerstendichtungen.com\/wp-content\/uploads\/2021\/10\/Edelstahldrahtbuerste-in-y-Profil-1.jpg 600w\" sizes=\"(min-width: 2200px) 100vw, (min-width: 736px) 268px, (min-width: 704px) 357px, (min-width: 672px) 535px, (min-width: 640px) 672px, \" \/>\t\t\t<\/a>\n\t\t\t\t\t\t\t<\/div>\n<\/div><\/article><article id=\"portfolio-1-post-17756\" class=\"fusion-portfolio-post brosses-metalliques-en-acier-inoxydable fusion-col-spacing post-17756\"><div class=\"fusion-portfolio-content-wrapper\" style=\"border:none;\"><span class=\"entry-title rich-snippet-hidden\">Brosse en fil d&rsquo;acier inoxydable dans un profil en U<\/span><span class=\"vcard rich-snippet-hidden\"><span class=\"fn\"><a href=\"https:\/\/buerstendichtungen.com\/fr\/author\/procon\/\" title=\"Articles par ProCon\" rel=\"author\">ProCon<\/a><\/span><\/span><span class=\"updated rich-snippet-hidden\">2025-01-21T23:12:29+01:00<\/span><div  class=\"fusion-image-wrapper\" aria-haspopup=\"true\">\n\t\t\t\t\t\t\t<a href=\"https:\/\/buerstendichtungen.com\/fr\/ausfuehrungen\/brosse-en-fil-dacier-inoxydable-dans-un-profil-en-u\/\" aria-label=\"Brosse en fil d&rsquo;acier inoxydable dans un profil en U\">\n\t\t\t\t\t\t\t<img decoding=\"async\" width=\"600\" height=\"600\" src=\"https:\/\/buerstendichtungen.com\/wp-content\/uploads\/2021\/10\/Edelstahldrahtbuerste-in-U-Profil-2.jpg\" class=\"attachment-full size-full wp-post-image\" alt=\"Edelstahldrahtbuerste-in-U-Profil\" srcset=\"https:\/\/buerstendichtungen.com\/wp-content\/uploads\/2021\/10\/Edelstahldrahtbuerste-in-U-Profil-2-200x200.jpg 200w, https:\/\/buerstendichtungen.com\/wp-content\/uploads\/2021\/10\/Edelstahldrahtbuerste-in-U-Profil-2-400x400.jpg 400w, https:\/\/buerstendichtungen.com\/wp-content\/uploads\/2021\/10\/Edelstahldrahtbuerste-in-U-Profil-2.jpg 600w\" sizes=\"(min-width: 2200px) 100vw, (min-width: 736px) 268px, (min-width: 704px) 357px, (min-width: 672px) 535px, (min-width: 640px) 672px, \" \/>\t\t\t<\/a>\n\t\t\t\t\t\t\t<\/div>\n<\/div><\/article><\/div><\/div><div class=\"fusion-clearfix\"><\/div><\/div><\/div><\/div><\/div>\n","protected":false},"excerpt":{"rendered":"","protected":false},"author":2,"featured_media":16789,"parent":0,"menu_order":0,"comment_status":"closed","ping_status":"closed","template":"100-width.php","meta":{"footnotes":""},"class_list":["post-17355","page","type-page","status-publish","has-post-thumbnail","hentry"],"yoast_head":"<!-- This site is optimized with the Yoast SEO Premium plugin v25.5 (Yoast SEO v27.4) - https:\/\/yoast.com\/product\/yoast-seo-premium-wordpress\/ -->\n<title>Brosses en acier inoxydable et profil\u00e9s de maintien - \u00e0 adapter selon vos besoins.<\/title>\n<meta name=\"description\" content=\"Brosses en acier inoxydable et profil\u00e9s de support sur mesure - Gr\u00e2ce \u00e0 notre formulaire de demande, vous pouvez cr\u00e9er vos brosses en acier inoxydable sur mesure.\" \/>\n<meta name=\"robots\" content=\"noindex, follow\" \/>\n<meta property=\"og:locale\" content=\"fr_FR\" \/>\n<meta property=\"og:type\" content=\"article\" \/>\n<meta property=\"og:title\" content=\"Concepteur de brosses Brosses en acier inoxydable\" \/>\n<meta property=\"og:description\" content=\"Brosses en acier inoxydable et profil\u00e9s de support sur mesure - Gr\u00e2ce \u00e0 notre formulaire de demande, vous pouvez cr\u00e9er vos brosses en acier inoxydable sur mesure.\" \/>\n<meta property=\"og:url\" content=\"https:\/\/buerstendichtungen.com\/fr\/concepteur-de-brosses-brosses-en-acier-inoxydable\/\" \/>\n<meta property=\"og:site_name\" content=\"B\u00fcrstendichtungen und andere technische B\u00fcrsten f\u00fcr jeden Einsatz\" \/>\n<meta property=\"article:modified_time\" content=\"2025-01-20T12:19:24+00:00\" \/>\n<meta property=\"og:image\" content=\"https:\/\/buerstendichtungen.com\/wp-content\/uploads\/2021\/05\/Edelstahl-Drahtbuerste-zur-Abwehr-von-Maeusen.jpg\" \/>\n\t<meta property=\"og:image:width\" content=\"600\" \/>\n\t<meta property=\"og:image:height\" content=\"400\" \/>\n\t<meta property=\"og:image:type\" content=\"image\/jpeg\" \/>\n<meta name=\"twitter:label1\" content=\"Dur\u00e9e de lecture estim\u00e9e\" \/>\n\t<meta name=\"twitter:data1\" content=\"2 minutes\" \/>\n<script type=\"application\/ld+json\" class=\"yoast-schema-graph\">{\"@context\":\"https:\\\/\\\/schema.org\",\"@graph\":[{\"@type\":\"WebPage\",\"@id\":\"https:\\\/\\\/buerstendichtungen.com\\\/fr\\\/concepteur-de-brosses-brosses-en-acier-inoxydable\\\/\",\"url\":\"https:\\\/\\\/buerstendichtungen.com\\\/fr\\\/concepteur-de-brosses-brosses-en-acier-inoxydable\\\/\",\"name\":\"Brosses en acier inoxydable et profil\u00e9s de maintien - \u00e0 adapter selon vos besoins.\",\"isPartOf\":{\"@id\":\"https:\\\/\\\/buerstendichtungen.com\\\/fr\\\/#website\"},\"primaryImageOfPage\":{\"@id\":\"https:\\\/\\\/buerstendichtungen.com\\\/fr\\\/concepteur-de-brosses-brosses-en-acier-inoxydable\\\/#primaryimage\"},\"image\":{\"@id\":\"https:\\\/\\\/buerstendichtungen.com\\\/fr\\\/concepteur-de-brosses-brosses-en-acier-inoxydable\\\/#primaryimage\"},\"thumbnailUrl\":\"https:\\\/\\\/buerstendichtungen.com\\\/wp-content\\\/uploads\\\/2021\\\/05\\\/Edelstahl-Drahtbuerste-zur-Abwehr-von-Maeusen.jpg\",\"datePublished\":\"2021-05-08T09:05:57+00:00\",\"dateModified\":\"2025-01-20T12:19:24+00:00\",\"description\":\"Brosses en acier inoxydable et profil\u00e9s de support sur mesure - Gr\u00e2ce \u00e0 notre formulaire de demande, vous pouvez cr\u00e9er vos brosses en acier inoxydable sur mesure.\",\"breadcrumb\":{\"@id\":\"https:\\\/\\\/buerstendichtungen.com\\\/fr\\\/concepteur-de-brosses-brosses-en-acier-inoxydable\\\/#breadcrumb\"},\"inLanguage\":\"fr-FR\",\"potentialAction\":[{\"@type\":\"ReadAction\",\"target\":[\"https:\\\/\\\/buerstendichtungen.com\\\/fr\\\/concepteur-de-brosses-brosses-en-acier-inoxydable\\\/\"]}]},{\"@type\":\"ImageObject\",\"inLanguage\":\"fr-FR\",\"@id\":\"https:\\\/\\\/buerstendichtungen.com\\\/fr\\\/concepteur-de-brosses-brosses-en-acier-inoxydable\\\/#primaryimage\",\"url\":\"https:\\\/\\\/buerstendichtungen.com\\\/wp-content\\\/uploads\\\/2021\\\/05\\\/Edelstahl-Drahtbuerste-zur-Abwehr-von-Maeusen.jpg\",\"contentUrl\":\"https:\\\/\\\/buerstendichtungen.com\\\/wp-content\\\/uploads\\\/2021\\\/05\\\/Edelstahl-Drahtbuerste-zur-Abwehr-von-Maeusen.jpg\",\"width\":600,\"height\":400},{\"@type\":\"BreadcrumbList\",\"@id\":\"https:\\\/\\\/buerstendichtungen.com\\\/fr\\\/concepteur-de-brosses-brosses-en-acier-inoxydable\\\/#breadcrumb\",\"itemListElement\":[{\"@type\":\"ListItem\",\"position\":1,\"name\":\"Page d'accueil\",\"item\":\"https:\\\/\\\/buerstendichtungen.com\\\/fr\\\/\"},{\"@type\":\"ListItem\",\"position\":2,\"name\":\"Brosses m\u00e9talliques en acier inoxydable\",\"item\":\"https:\\\/\\\/buerstendichtungen.com\\\/fr\\\/brosses-metalliques-en-acier-inoxydable\\\/\"},{\"@type\":\"ListItem\",\"position\":3,\"name\":\"Concepteur de brosses Brosses en acier inoxydable\"}]},{\"@type\":\"WebSite\",\"@id\":\"https:\\\/\\\/buerstendichtungen.com\\\/fr\\\/#website\",\"url\":\"https:\\\/\\\/buerstendichtungen.com\\\/fr\\\/\",\"name\":\"B\u00fcrstendichtungen und andere technische B\u00fcrsten f\u00fcr jeden Einsatz\",\"description\":\"B\u00fcrstendichtungen, Leistenb\u00fcrsten, Streifenb\u00fcrsten und Abdichtb\u00fcrsten f\u00fcr jede Verwendung\",\"potentialAction\":[{\"@type\":\"SearchAction\",\"target\":{\"@type\":\"EntryPoint\",\"urlTemplate\":\"https:\\\/\\\/buerstendichtungen.com\\\/fr\\\/?s={search_term_string}\"},\"query-input\":{\"@type\":\"PropertyValueSpecification\",\"valueRequired\":true,\"valueName\":\"search_term_string\"}}],\"inLanguage\":\"fr-FR\"}]}<\/script>\n<!-- \/ Yoast SEO Premium plugin. -->","yoast_head_json":{"title":"Brosses en acier inoxydable et profil\u00e9s de maintien - \u00e0 adapter selon vos besoins.","description":"Brosses en acier inoxydable et profil\u00e9s de support sur mesure - Gr\u00e2ce \u00e0 notre formulaire de demande, vous pouvez cr\u00e9er vos brosses en acier inoxydable sur mesure.","robots":{"index":"noindex","follow":"follow"},"og_locale":"fr_FR","og_type":"article","og_title":"Concepteur de brosses Brosses en acier inoxydable","og_description":"Brosses en acier inoxydable et profil\u00e9s de support sur mesure - Gr\u00e2ce \u00e0 notre formulaire de demande, vous pouvez cr\u00e9er vos brosses en acier inoxydable sur mesure.","og_url":"https:\/\/buerstendichtungen.com\/fr\/concepteur-de-brosses-brosses-en-acier-inoxydable\/","og_site_name":"B\u00fcrstendichtungen und andere technische B\u00fcrsten f\u00fcr jeden Einsatz","article_modified_time":"2025-01-20T12:19:24+00:00","og_image":[{"width":600,"height":400,"url":"https:\/\/buerstendichtungen.com\/wp-content\/uploads\/2021\/05\/Edelstahl-Drahtbuerste-zur-Abwehr-von-Maeusen.jpg","type":"image\/jpeg"}],"twitter_misc":{"Dur\u00e9e de lecture estim\u00e9e":"2 minutes"},"schema":{"@context":"https:\/\/schema.org","@graph":[{"@type":"WebPage","@id":"https:\/\/buerstendichtungen.com\/fr\/concepteur-de-brosses-brosses-en-acier-inoxydable\/","url":"https:\/\/buerstendichtungen.com\/fr\/concepteur-de-brosses-brosses-en-acier-inoxydable\/","name":"Brosses en acier inoxydable et profil\u00e9s de maintien - \u00e0 adapter selon vos besoins.","isPartOf":{"@id":"https:\/\/buerstendichtungen.com\/fr\/#website"},"primaryImageOfPage":{"@id":"https:\/\/buerstendichtungen.com\/fr\/concepteur-de-brosses-brosses-en-acier-inoxydable\/#primaryimage"},"image":{"@id":"https:\/\/buerstendichtungen.com\/fr\/concepteur-de-brosses-brosses-en-acier-inoxydable\/#primaryimage"},"thumbnailUrl":"https:\/\/buerstendichtungen.com\/wp-content\/uploads\/2021\/05\/Edelstahl-Drahtbuerste-zur-Abwehr-von-Maeusen.jpg","datePublished":"2021-05-08T09:05:57+00:00","dateModified":"2025-01-20T12:19:24+00:00","description":"Brosses en acier inoxydable et profil\u00e9s de support sur mesure - Gr\u00e2ce \u00e0 notre formulaire de demande, vous pouvez cr\u00e9er vos brosses en acier inoxydable sur mesure.","breadcrumb":{"@id":"https:\/\/buerstendichtungen.com\/fr\/concepteur-de-brosses-brosses-en-acier-inoxydable\/#breadcrumb"},"inLanguage":"fr-FR","potentialAction":[{"@type":"ReadAction","target":["https:\/\/buerstendichtungen.com\/fr\/concepteur-de-brosses-brosses-en-acier-inoxydable\/"]}]},{"@type":"ImageObject","inLanguage":"fr-FR","@id":"https:\/\/buerstendichtungen.com\/fr\/concepteur-de-brosses-brosses-en-acier-inoxydable\/#primaryimage","url":"https:\/\/buerstendichtungen.com\/wp-content\/uploads\/2021\/05\/Edelstahl-Drahtbuerste-zur-Abwehr-von-Maeusen.jpg","contentUrl":"https:\/\/buerstendichtungen.com\/wp-content\/uploads\/2021\/05\/Edelstahl-Drahtbuerste-zur-Abwehr-von-Maeusen.jpg","width":600,"height":400},{"@type":"BreadcrumbList","@id":"https:\/\/buerstendichtungen.com\/fr\/concepteur-de-brosses-brosses-en-acier-inoxydable\/#breadcrumb","itemListElement":[{"@type":"ListItem","position":1,"name":"Page d'accueil","item":"https:\/\/buerstendichtungen.com\/fr\/"},{"@type":"ListItem","position":2,"name":"Brosses m\u00e9talliques en acier inoxydable","item":"https:\/\/buerstendichtungen.com\/fr\/brosses-metalliques-en-acier-inoxydable\/"},{"@type":"ListItem","position":3,"name":"Concepteur de brosses Brosses en acier inoxydable"}]},{"@type":"WebSite","@id":"https:\/\/buerstendichtungen.com\/fr\/#website","url":"https:\/\/buerstendichtungen.com\/fr\/","name":"B\u00fcrstendichtungen und andere technische B\u00fcrsten f\u00fcr jeden Einsatz","description":"B\u00fcrstendichtungen, Leistenb\u00fcrsten, Streifenb\u00fcrsten und Abdichtb\u00fcrsten f\u00fcr jede Verwendung","potentialAction":[{"@type":"SearchAction","target":{"@type":"EntryPoint","urlTemplate":"https:\/\/buerstendichtungen.com\/fr\/?s={search_term_string}"},"query-input":{"@type":"PropertyValueSpecification","valueRequired":true,"valueName":"search_term_string"}}],"inLanguage":"fr-FR"}]}},"_links":{"self":[{"href":"https:\/\/buerstendichtungen.com\/fr\/wp-json\/wp\/v2\/pages\/17355","targetHints":{"allow":["GET"]}}],"collection":[{"href":"https:\/\/buerstendichtungen.com\/fr\/wp-json\/wp\/v2\/pages"}],"about":[{"href":"https:\/\/buerstendichtungen.com\/fr\/wp-json\/wp\/v2\/types\/page"}],"author":[{"embeddable":true,"href":"https:\/\/buerstendichtungen.com\/fr\/wp-json\/wp\/v2\/users\/2"}],"replies":[{"embeddable":true,"href":"https:\/\/buerstendichtungen.com\/fr\/wp-json\/wp\/v2\/comments?post=17355"}],"version-history":[{"count":1,"href":"https:\/\/buerstendichtungen.com\/fr\/wp-json\/wp\/v2\/pages\/17355\/revisions"}],"predecessor-version":[{"id":17360,"href":"https:\/\/buerstendichtungen.com\/fr\/wp-json\/wp\/v2\/pages\/17355\/revisions\/17360"}],"wp:featuredmedia":[{"embeddable":true,"href":"https:\/\/buerstendichtungen.com\/fr\/wp-json\/wp\/v2\/media\/16789"}],"wp:attachment":[{"href":"https:\/\/buerstendichtungen.com\/fr\/wp-json\/wp\/v2\/media?parent=17355"}],"curies":[{"name":"wp","href":"https:\/\/api.w.org\/{rel}","templated":true}]}}