{"id":19235,"date":"2025-06-19T17:58:25","date_gmt":"2025-06-19T15:58:25","guid":{"rendered":"https:\/\/buerstendichtungen.com\/?page_id=19235"},"modified":"2025-06-19T17:58:25","modified_gmt":"2025-06-19T15:58:25","slug":"imprint-2","status":"publish","type":"page","link":"https:\/\/buerstendichtungen.com\/en\/imprint-2\/","title":{"rendered":"Imprint"},"content":{"rendered":"<div class=\"fusion-fullwidth fullwidth-box fusion-builder-row-1 nonhundred-percent-fullwidth non-hundred-percent-height-scrolling\" style=\"--awb-border-radius-top-left:0px;--awb-border-radius-top-right:0px;--awb-border-radius-bottom-right:0px;--awb-border-radius-bottom-left:0px;--awb-flex-wrap:wrap;\" ><div class=\"fusion-builder-row fusion-row\"><div class=\"fusion-layout-column fusion_builder_column fusion-builder-column-0 fusion_builder_column_1_1 1_1 fusion-one-full fusion-column-first fusion-column-last\" style=\"--awb-bg-size:cover;--awb-margin-bottom:0px;\"><div class=\"fusion-column-wrapper fusion-flex-column-wrapper-legacy\"><div class=\"fusion-text fusion-text-1\"><h1><strong>Imprint<\/strong><\/h1>\n<p>Pro-Con B\u00fcrstentechnik GmbH Managing Director: Holger Pott Authorized representative: Holger Pott Wiesenstra\u00dfe 83 &#8211; D-72461 Albstadt<br \/>\nPhone: 0743\/29781192 or 0 700 \/ 776 266 366<br \/>\nFax: 0 700 \/ 776 266 329<\/p>\n<p>E-mail: info@pro-con-buerstentechnik.de<\/p>\n<p>Register court: Stuttgart Local Court<br \/>\nRegister number: HRB 750213 VAT ID: DE 296862378<br \/>\nTax number: 53 091\/06073 Responsible for content according to $55 II RStV:<br \/>\nHolger Pott &#8211; Wiesenstra\u00dfe 83 &#8211; D-72461 Albstadt &#8211; All rights reserved -. These documents \/ web pages including their parts are protected by copyright. They may only be copied and printed for private, scientific and non-commercial use and for information purposes if they contain the copyright notice. The authors reserve the right to revoke this permission at any time. These documents \/ web pages may not be reproduced, archived, stored on another server, included in newsgroups, used in online services or stored on a CD-ROM without the prior written permission of the authors. Commercial use of these web pages and the display of the documents within frames by other Internet providers are expressly prohibited. In other words: copying, stealing, stealing, lending, borrowing, taking, defacing, altering etc. is not desired and not permitted. All information has been carefully researched. However, errors cannot be ruled out. Links: The Hamburg Regional Court ruled on May 2, 1998 that the inclusion of a link may entail co-responsibility for the content of the linked page. We are not yet aware of a reversal of this judgment. According to the LG, this can only be prevented by expressly distancing oneself from these contents. We have placed links to other pages on the Internet on our site. The following applies to all these links: &#8220;We hereby expressly declare that we have no influence whatsoever on the design and content of the linked pages. We therefore hereby expressly distance ourselves from all content of all linked pages on our entire website, including all sub-pages. This declaration applies to all links on our homepage and to all contents of the pages to which links or banners lead.&#8221; 72461 Albstadt, 2021.<\/p>\n<\/div><div class=\"fusion-clearfix\"><\/div><\/div><\/div><\/div><\/div>\n","protected":false},"excerpt":{"rendered":"","protected":false},"author":1,"featured_media":0,"parent":0,"menu_order":0,"comment_status":"closed","ping_status":"closed","template":"","meta":{"footnotes":""},"class_list":["post-19235","page","type-page","status-publish","hentry"],"yoast_head":"<!-- This site is optimized with the Yoast SEO Premium plugin v25.5 (Yoast SEO v27.5) - https:\/\/yoast.com\/product\/yoast-seo-premium-wordpress\/ -->\n<title>Imprint of buerstendichtungen.com - Pro Con GmbH<\/title>\n<meta name=\"description\" content=\"Imprint of Pro Con Trading GmbH \u00a9 PRO-CON GmbH Trading Conceptions Managing Director: Holger Pott Authorized representative: Holger Pott Wiesenstra\u00dfe 83 - D-72461 Albstadt Phone: 0 700 \/ 776 266 366 - Fax: 0 700 \/ 776 266 329\" \/>\n<meta name=\"robots\" content=\"noindex, follow\" \/>\n<meta property=\"og:locale\" content=\"en_US\" \/>\n<meta property=\"og:type\" content=\"article\" \/>\n<meta property=\"og:title\" content=\"Imprint\" \/>\n<meta property=\"og:description\" content=\"Imprint of Pro Con Trading GmbH \u00a9 PRO-CON GmbH Trading Conceptions Managing Director: Holger Pott Authorized representative: Holger Pott Wiesenstra\u00dfe 83 - D-72461 Albstadt Phone: 0 700 \/ 776 266 366 - Fax: 0 700 \/ 776 266 329\" \/>\n<meta property=\"og:url\" content=\"https:\/\/buerstendichtungen.com\/en\/imprint-2\/\" \/>\n<meta property=\"og:site_name\" content=\"B\u00fcrstendichtungen und andere technische B\u00fcrsten f\u00fcr jeden Einsatz\" \/>\n<meta name=\"twitter:label1\" content=\"Est. reading time\" \/>\n\t<meta name=\"twitter:data1\" content=\"3 minutes\" \/>\n<script type=\"application\/ld+json\" class=\"yoast-schema-graph\">{\"@context\":\"https:\\\/\\\/schema.org\",\"@graph\":[{\"@type\":\"WebPage\",\"@id\":\"https:\\\/\\\/buerstendichtungen.com\\\/en\\\/imprint-2\\\/\",\"url\":\"https:\\\/\\\/buerstendichtungen.com\\\/en\\\/imprint-2\\\/\",\"name\":\"Imprint of buerstendichtungen.com - Pro Con GmbH\",\"isPartOf\":{\"@id\":\"https:\\\/\\\/buerstendichtungen.com\\\/en\\\/#website\"},\"datePublished\":\"2025-06-19T15:58:25+00:00\",\"description\":\"Imprint of Pro Con Trading GmbH \u00a9 PRO-CON GmbH Trading Conceptions Managing Director: Holger Pott Authorized representative: Holger Pott Wiesenstra\u00dfe 83 - D-72461 Albstadt Phone: 0 700 \\\/ 776 266 366 - Fax: 0 700 \\\/ 776 266 329\",\"breadcrumb\":{\"@id\":\"https:\\\/\\\/buerstendichtungen.com\\\/en\\\/imprint-2\\\/#breadcrumb\"},\"inLanguage\":\"en-US\",\"potentialAction\":[{\"@type\":\"ReadAction\",\"target\":[\"https:\\\/\\\/buerstendichtungen.com\\\/en\\\/imprint-2\\\/\"]}]},{\"@type\":\"BreadcrumbList\",\"@id\":\"https:\\\/\\\/buerstendichtungen.com\\\/en\\\/imprint-2\\\/#breadcrumb\",\"itemListElement\":[{\"@type\":\"ListItem\",\"position\":1,\"name\":\"Home page\",\"item\":\"https:\\\/\\\/buerstendichtungen.com\\\/en\\\/\"},{\"@type\":\"ListItem\",\"position\":2,\"name\":\"Imprint\"}]},{\"@type\":\"WebSite\",\"@id\":\"https:\\\/\\\/buerstendichtungen.com\\\/en\\\/#website\",\"url\":\"https:\\\/\\\/buerstendichtungen.com\\\/en\\\/\",\"name\":\"B\u00fcrstendichtungen und andere technische B\u00fcrsten f\u00fcr jeden Einsatz\",\"description\":\"B\u00fcrstendichtungen, Leistenb\u00fcrsten, Streifenb\u00fcrsten und Abdichtb\u00fcrsten f\u00fcr jede Verwendung\",\"potentialAction\":[{\"@type\":\"SearchAction\",\"target\":{\"@type\":\"EntryPoint\",\"urlTemplate\":\"https:\\\/\\\/buerstendichtungen.com\\\/en\\\/?s={search_term_string}\"},\"query-input\":{\"@type\":\"PropertyValueSpecification\",\"valueRequired\":true,\"valueName\":\"search_term_string\"}}],\"inLanguage\":\"en-US\"}]}<\/script>\n<!-- \/ Yoast SEO Premium plugin. -->","yoast_head_json":{"title":"Imprint of buerstendichtungen.com - Pro Con GmbH","description":"Imprint of Pro Con Trading GmbH \u00a9 PRO-CON GmbH Trading Conceptions Managing Director: Holger Pott Authorized representative: Holger Pott Wiesenstra\u00dfe 83 - D-72461 Albstadt Phone: 0 700 \/ 776 266 366 - Fax: 0 700 \/ 776 266 329","robots":{"index":"noindex","follow":"follow"},"og_locale":"en_US","og_type":"article","og_title":"Imprint","og_description":"Imprint of Pro Con Trading GmbH \u00a9 PRO-CON GmbH Trading Conceptions Managing Director: Holger Pott Authorized representative: Holger Pott Wiesenstra\u00dfe 83 - D-72461 Albstadt Phone: 0 700 \/ 776 266 366 - Fax: 0 700 \/ 776 266 329","og_url":"https:\/\/buerstendichtungen.com\/en\/imprint-2\/","og_site_name":"B\u00fcrstendichtungen und andere technische B\u00fcrsten f\u00fcr jeden Einsatz","twitter_misc":{"Est. reading time":"3 minutes"},"schema":{"@context":"https:\/\/schema.org","@graph":[{"@type":"WebPage","@id":"https:\/\/buerstendichtungen.com\/en\/imprint-2\/","url":"https:\/\/buerstendichtungen.com\/en\/imprint-2\/","name":"Imprint of buerstendichtungen.com - Pro Con GmbH","isPartOf":{"@id":"https:\/\/buerstendichtungen.com\/en\/#website"},"datePublished":"2025-06-19T15:58:25+00:00","description":"Imprint of Pro Con Trading GmbH \u00a9 PRO-CON GmbH Trading Conceptions Managing Director: Holger Pott Authorized representative: Holger Pott Wiesenstra\u00dfe 83 - D-72461 Albstadt Phone: 0 700 \/ 776 266 366 - Fax: 0 700 \/ 776 266 329","breadcrumb":{"@id":"https:\/\/buerstendichtungen.com\/en\/imprint-2\/#breadcrumb"},"inLanguage":"en-US","potentialAction":[{"@type":"ReadAction","target":["https:\/\/buerstendichtungen.com\/en\/imprint-2\/"]}]},{"@type":"BreadcrumbList","@id":"https:\/\/buerstendichtungen.com\/en\/imprint-2\/#breadcrumb","itemListElement":[{"@type":"ListItem","position":1,"name":"Home page","item":"https:\/\/buerstendichtungen.com\/en\/"},{"@type":"ListItem","position":2,"name":"Imprint"}]},{"@type":"WebSite","@id":"https:\/\/buerstendichtungen.com\/en\/#website","url":"https:\/\/buerstendichtungen.com\/en\/","name":"B\u00fcrstendichtungen und andere technische B\u00fcrsten f\u00fcr jeden Einsatz","description":"B\u00fcrstendichtungen, Leistenb\u00fcrsten, Streifenb\u00fcrsten und Abdichtb\u00fcrsten f\u00fcr jede Verwendung","potentialAction":[{"@type":"SearchAction","target":{"@type":"EntryPoint","urlTemplate":"https:\/\/buerstendichtungen.com\/en\/?s={search_term_string}"},"query-input":{"@type":"PropertyValueSpecification","valueRequired":true,"valueName":"search_term_string"}}],"inLanguage":"en-US"}]}},"_links":{"self":[{"href":"https:\/\/buerstendichtungen.com\/en\/wp-json\/wp\/v2\/pages\/19235","targetHints":{"allow":["GET"]}}],"collection":[{"href":"https:\/\/buerstendichtungen.com\/en\/wp-json\/wp\/v2\/pages"}],"about":[{"href":"https:\/\/buerstendichtungen.com\/en\/wp-json\/wp\/v2\/types\/page"}],"author":[{"embeddable":true,"href":"https:\/\/buerstendichtungen.com\/en\/wp-json\/wp\/v2\/users\/1"}],"replies":[{"embeddable":true,"href":"https:\/\/buerstendichtungen.com\/en\/wp-json\/wp\/v2\/comments?post=19235"}],"version-history":[{"count":2,"href":"https:\/\/buerstendichtungen.com\/en\/wp-json\/wp\/v2\/pages\/19235\/revisions"}],"predecessor-version":[{"id":19239,"href":"https:\/\/buerstendichtungen.com\/en\/wp-json\/wp\/v2\/pages\/19235\/revisions\/19239"}],"wp:attachment":[{"href":"https:\/\/buerstendichtungen.com\/en\/wp-json\/wp\/v2\/media?parent=19235"}],"curies":[{"name":"wp","href":"https:\/\/api.w.org\/{rel}","templated":true}]}}