{"id":17566,"date":"2018-10-31T17:21:54","date_gmt":"2018-10-31T16:21:54","guid":{"rendered":"https:\/\/buerstendichtungen.com\/form-sealing-brushes\/"},"modified":"2025-01-20T13:24:14","modified_gmt":"2025-01-20T12:24:14","slug":"form-sealing-brushes","status":"publish","type":"page","link":"https:\/\/buerstendichtungen.com\/en\/form-sealing-brushes\/","title":{"rendered":"Form sealing brushes"},"content":{"rendered":"<div class=\"fusion-fullwidth fullwidth-box fusion-builder-row-1 nonhundred-percent-fullwidth non-hundred-percent-height-scrolling\" style=\"--awb-border-radius-top-left:0px;--awb-border-radius-top-right:0px;--awb-border-radius-bottom-right:0px;--awb-border-radius-bottom-left:0px;--awb-flex-wrap:wrap;\" ><div class=\"fusion-builder-row fusion-row\"><div class=\"fusion-layout-column fusion_builder_column fusion-builder-column-0 fusion_builder_column_2_3 2_3 fusion-two-third fusion-column-first\" style=\"--awb-bg-size:cover;width:66.6666666667%;width:calc(66.6666666667% - ( ( 4% ) * 0.666666666667 ) );margin-right: 4%;\"><div class=\"fusion-column-wrapper fusion-flex-column-wrapper-legacy\"><div class=\"fusion-text fusion-text-1\"><h1>Create customized sealing brushes<\/h1>\n<p>The brush designer helps you to create dimensionally accurate sealing brushes according to your own specifications. Design your sealing brush step by step to suit your needs. What shape do you want?<\/p>\n<\/div><div class=\"fusion-clearfix\"><\/div><\/div><\/div><div class=\"fusion-layout-column fusion_builder_column fusion-builder-column-1 fusion_builder_column_1_3 1_3 fusion-one-third fusion-column-last\" style=\"--awb-bg-size:cover;width:33.3333333333%;width:calc(33.3333333333% - ( ( 4% ) * 0.333333333333 ) );\"><div class=\"fusion-column-wrapper fusion-flex-column-wrapper-legacy\"><div class=\"fusion-aligncenter\"><a class=\"fusion-button button-3d button-xlarge button-custom fusion-button-default button-1 fusion-button-default-span \" style=\"--button_bevel_color:#7482cc;--button_accent_color:#ffffff;--button_border_color:#ffffff;--button_accent_hover_color:#ffffff;--button_border_hover_color:#ffffff;--button_border_width-top:1px;--button_border_width-right:1px;--button_border_width-bottom:1px;--button_border_width-left:1px;--button-border-radius-top-left:25px;--button-border-radius-top-right:25px;--button-border-radius-bottom-right:25px;--button-border-radius-bottom-left:25px;--button_gradient_top_color:#8bc34a;--button_gradient_bottom_color:#8bc34a;--button_gradient_top_color_hover:#027c00;--button_gradient_bottom_color_hover:#027c00;\" target=\"_self\" title=\"Inquiries by email\" aria-label=\"Inquiries by email\" href=\"mailto:info@pro-con-trading.de\"><i class=\"fa-envelope fas awb-button__icon awb-button__icon--default button-icon-left\" aria-hidden=\"true\"><\/i><span class=\"fusion-button-text awb-button__text awb-button__text--default\">Request multiple sizes by email<\/span><\/a><\/div><div class=\"fusion-clearfix\"><\/div><\/div><\/div><div class=\"fusion-layout-column fusion_builder_column fusion-builder-column-2 fusion_builder_column_1_1 1_1 fusion-one-full fusion-column-first fusion-column-last\" style=\"--awb-bg-size:cover;\"><div class=\"fusion-column-wrapper fusion-column-has-shadow fusion-flex-column-wrapper-legacy\"><div class=\"fusion-recent-works fusion-portfolio-element fusion-portfolio fusion-portfolio-1 fusion-portfolio-grid fusion-portfolio-paging-pagination fusion-portfolio-three fusion-portfolio-no_text\" data-id=\"-rw-1\" data-columns=\"three\"><style type=\"text\/css\">.fusion-portfolio-1 .fusion-portfolio-wrapper .fusion-col-spacing{padding:15px;}<\/style><div class=\"fusion-portfolio-wrapper\" id=\"fusion-portfolio-1\" data-picturesize=\"auto\" data-pages=\"1\" style=\"margin:-15px;\"><article id=\"portfolio-1-post-17802\" class=\"fusion-portfolio-post sealing-brushes tuerbesen-en fusion-col-spacing post-17802\"><div class=\"fusion-portfolio-content-wrapper\" style=\"border:none;\"><span class=\"entry-title rich-snippet-hidden\">Sealing brush form FH<\/span><span class=\"vcard rich-snippet-hidden\"><span class=\"fn\"><a href=\"https:\/\/buerstendichtungen.com\/en\/author\/procon\/\" title=\"Posts by ProCon\" rel=\"author\">ProCon<\/a><\/span><\/span><span class=\"updated rich-snippet-hidden\">2025-01-21T23:06:36+01:00<\/span><div  class=\"fusion-image-wrapper\" aria-haspopup=\"true\">\n\t\t\t\t\t\t\t<a href=\"https:\/\/buerstendichtungen.com\/en\/ausfuehrungen\/sealing-brush-form-fh\/\" aria-label=\"Sealing brush form FH\">\n\t\t\t\t\t\t\t<img decoding=\"async\" width=\"600\" height=\"600\" src=\"https:\/\/buerstendichtungen.com\/wp-content\/uploads\/2021\/11\/Abdichtbuerste-FH.jpg\" class=\"attachment-full size-full wp-post-image\" alt=\"Abdichtbuerste-FH\" srcset=\"https:\/\/buerstendichtungen.com\/wp-content\/uploads\/2021\/11\/Abdichtbuerste-FH-200x200.jpg 200w, https:\/\/buerstendichtungen.com\/wp-content\/uploads\/2021\/11\/Abdichtbuerste-FH-400x400.jpg 400w, https:\/\/buerstendichtungen.com\/wp-content\/uploads\/2021\/11\/Abdichtbuerste-FH.jpg 600w\" sizes=\"(min-width: 2200px) 100vw, (min-width: 704px) 347px, (min-width: 672px) 520px, (min-width: 640px) 672px, \" \/>\t\t\t<\/a>\n\t\t\t\t\t\t\t<\/div>\n<\/div><\/article><article id=\"portfolio-1-post-17814\" class=\"fusion-portfolio-post sealing-brushes tuerbesen-en fusion-col-spacing post-17814\"><div class=\"fusion-portfolio-content-wrapper\" style=\"border:none;\"><span class=\"entry-title rich-snippet-hidden\">Sealing brush form FF<\/span><span class=\"vcard rich-snippet-hidden\"><span class=\"fn\"><a href=\"https:\/\/buerstendichtungen.com\/en\/author\/procon\/\" title=\"Posts by ProCon\" rel=\"author\">ProCon<\/a><\/span><\/span><span class=\"updated rich-snippet-hidden\">2025-01-21T23:01:43+01:00<\/span><div  class=\"fusion-image-wrapper\" aria-haspopup=\"true\">\n\t\t\t\t\t\t\t<a href=\"https:\/\/buerstendichtungen.com\/en\/ausfuehrungen\/sealing-brush-form-ff\/\" aria-label=\"Sealing brush form FF\">\n\t\t\t\t\t\t\t<img decoding=\"async\" width=\"600\" height=\"600\" src=\"https:\/\/buerstendichtungen.com\/wp-content\/uploads\/2021\/11\/Abdichtbuerste-FF.jpg\" class=\"attachment-full size-full wp-post-image\" alt=\"Abdichtbuerste-FF\" srcset=\"https:\/\/buerstendichtungen.com\/wp-content\/uploads\/2021\/11\/Abdichtbuerste-FF-200x200.jpg 200w, https:\/\/buerstendichtungen.com\/wp-content\/uploads\/2021\/11\/Abdichtbuerste-FF-400x400.jpg 400w, https:\/\/buerstendichtungen.com\/wp-content\/uploads\/2021\/11\/Abdichtbuerste-FF.jpg 600w\" sizes=\"(min-width: 2200px) 100vw, (min-width: 704px) 347px, (min-width: 672px) 520px, (min-width: 640px) 672px, \" \/>\t\t\t<\/a>\n\t\t\t\t\t\t\t<\/div>\n<\/div><\/article><\/div><\/div><div class=\"fusion-clearfix\"><\/div><\/div><\/div><\/div><\/div>\n","protected":false},"excerpt":{"rendered":"","protected":false},"author":1,"featured_media":0,"parent":0,"menu_order":0,"comment_status":"closed","ping_status":"closed","template":"","meta":{"footnotes":""},"class_list":["post-17566","page","type-page","status-publish","hentry"],"yoast_head":"<!-- This site is optimized with the Yoast SEO Premium plugin v25.5 (Yoast SEO v27.3) - https:\/\/yoast.com\/product\/yoast-seo-premium-wordpress\/ -->\n<title>Brush designer for sealing brushes - create with dimensional accuracy<\/title>\n<meta name=\"description\" content=\"Enquire about your sealing brushes using our inquiry form and create your sealing brush to your exact specifications!\" \/>\n<meta name=\"robots\" content=\"noindex, follow\" \/>\n<meta property=\"og:locale\" content=\"en_US\" \/>\n<meta property=\"og:type\" content=\"article\" \/>\n<meta property=\"og:title\" content=\"Form sealing brushes\" \/>\n<meta property=\"og:description\" content=\"Enquire about your sealing brushes using our inquiry form and create your sealing brush to your exact specifications!\" \/>\n<meta property=\"og:url\" content=\"https:\/\/buerstendichtungen.com\/en\/form-sealing-brushes\/\" \/>\n<meta property=\"og:site_name\" content=\"B\u00fcrstendichtungen und andere technische B\u00fcrsten f\u00fcr jeden Einsatz\" \/>\n<meta property=\"article:modified_time\" content=\"2025-01-20T12:24:14+00:00\" \/>\n<meta name=\"twitter:label1\" content=\"Est. reading time\" \/>\n\t<meta name=\"twitter:data1\" content=\"6 minutes\" \/>\n<script type=\"application\/ld+json\" class=\"yoast-schema-graph\">{\"@context\":\"https:\\\/\\\/schema.org\",\"@graph\":[{\"@type\":\"WebPage\",\"@id\":\"https:\\\/\\\/buerstendichtungen.com\\\/en\\\/form-sealing-brushes\\\/\",\"url\":\"https:\\\/\\\/buerstendichtungen.com\\\/en\\\/form-sealing-brushes\\\/\",\"name\":\"Brush designer for sealing brushes - create with dimensional accuracy\",\"isPartOf\":{\"@id\":\"https:\\\/\\\/buerstendichtungen.com\\\/en\\\/#website\"},\"datePublished\":\"2018-10-31T16:21:54+00:00\",\"dateModified\":\"2025-01-20T12:24:14+00:00\",\"description\":\"Enquire about your sealing brushes using our inquiry form and create your sealing brush to your exact specifications!\",\"breadcrumb\":{\"@id\":\"https:\\\/\\\/buerstendichtungen.com\\\/en\\\/form-sealing-brushes\\\/#breadcrumb\"},\"inLanguage\":\"en-US\",\"potentialAction\":[{\"@type\":\"ReadAction\",\"target\":[\"https:\\\/\\\/buerstendichtungen.com\\\/en\\\/form-sealing-brushes\\\/\"]}]},{\"@type\":\"BreadcrumbList\",\"@id\":\"https:\\\/\\\/buerstendichtungen.com\\\/en\\\/form-sealing-brushes\\\/#breadcrumb\",\"itemListElement\":[{\"@type\":\"ListItem\",\"position\":1,\"name\":\"Home page\",\"item\":\"https:\\\/\\\/buerstendichtungen.com\\\/en\\\/\"},{\"@type\":\"ListItem\",\"position\":2,\"name\":\"Form sealing brushes\"}]},{\"@type\":\"WebSite\",\"@id\":\"https:\\\/\\\/buerstendichtungen.com\\\/en\\\/#website\",\"url\":\"https:\\\/\\\/buerstendichtungen.com\\\/en\\\/\",\"name\":\"B\u00fcrstendichtungen und andere technische B\u00fcrsten f\u00fcr jeden Einsatz\",\"description\":\"B\u00fcrstendichtungen, Leistenb\u00fcrsten, Streifenb\u00fcrsten und Abdichtb\u00fcrsten f\u00fcr jede Verwendung\",\"potentialAction\":[{\"@type\":\"SearchAction\",\"target\":{\"@type\":\"EntryPoint\",\"urlTemplate\":\"https:\\\/\\\/buerstendichtungen.com\\\/en\\\/?s={search_term_string}\"},\"query-input\":{\"@type\":\"PropertyValueSpecification\",\"valueRequired\":true,\"valueName\":\"search_term_string\"}}],\"inLanguage\":\"en-US\"}]}<\/script>\n<!-- \/ Yoast SEO Premium plugin. -->","yoast_head_json":{"title":"Brush designer for sealing brushes - create with dimensional accuracy","description":"Enquire about your sealing brushes using our inquiry form and create your sealing brush to your exact specifications!","robots":{"index":"noindex","follow":"follow"},"og_locale":"en_US","og_type":"article","og_title":"Form sealing brushes","og_description":"Enquire about your sealing brushes using our inquiry form and create your sealing brush to your exact specifications!","og_url":"https:\/\/buerstendichtungen.com\/en\/form-sealing-brushes\/","og_site_name":"B\u00fcrstendichtungen und andere technische B\u00fcrsten f\u00fcr jeden Einsatz","article_modified_time":"2025-01-20T12:24:14+00:00","twitter_misc":{"Est. reading time":"6 minutes"},"schema":{"@context":"https:\/\/schema.org","@graph":[{"@type":"WebPage","@id":"https:\/\/buerstendichtungen.com\/en\/form-sealing-brushes\/","url":"https:\/\/buerstendichtungen.com\/en\/form-sealing-brushes\/","name":"Brush designer for sealing brushes - create with dimensional accuracy","isPartOf":{"@id":"https:\/\/buerstendichtungen.com\/en\/#website"},"datePublished":"2018-10-31T16:21:54+00:00","dateModified":"2025-01-20T12:24:14+00:00","description":"Enquire about your sealing brushes using our inquiry form and create your sealing brush to your exact specifications!","breadcrumb":{"@id":"https:\/\/buerstendichtungen.com\/en\/form-sealing-brushes\/#breadcrumb"},"inLanguage":"en-US","potentialAction":[{"@type":"ReadAction","target":["https:\/\/buerstendichtungen.com\/en\/form-sealing-brushes\/"]}]},{"@type":"BreadcrumbList","@id":"https:\/\/buerstendichtungen.com\/en\/form-sealing-brushes\/#breadcrumb","itemListElement":[{"@type":"ListItem","position":1,"name":"Home page","item":"https:\/\/buerstendichtungen.com\/en\/"},{"@type":"ListItem","position":2,"name":"Form sealing brushes"}]},{"@type":"WebSite","@id":"https:\/\/buerstendichtungen.com\/en\/#website","url":"https:\/\/buerstendichtungen.com\/en\/","name":"B\u00fcrstendichtungen und andere technische B\u00fcrsten f\u00fcr jeden Einsatz","description":"B\u00fcrstendichtungen, Leistenb\u00fcrsten, Streifenb\u00fcrsten und Abdichtb\u00fcrsten f\u00fcr jede Verwendung","potentialAction":[{"@type":"SearchAction","target":{"@type":"EntryPoint","urlTemplate":"https:\/\/buerstendichtungen.com\/en\/?s={search_term_string}"},"query-input":{"@type":"PropertyValueSpecification","valueRequired":true,"valueName":"search_term_string"}}],"inLanguage":"en-US"}]}},"_links":{"self":[{"href":"https:\/\/buerstendichtungen.com\/en\/wp-json\/wp\/v2\/pages\/17566","targetHints":{"allow":["GET"]}}],"collection":[{"href":"https:\/\/buerstendichtungen.com\/en\/wp-json\/wp\/v2\/pages"}],"about":[{"href":"https:\/\/buerstendichtungen.com\/en\/wp-json\/wp\/v2\/types\/page"}],"author":[{"embeddable":true,"href":"https:\/\/buerstendichtungen.com\/en\/wp-json\/wp\/v2\/users\/1"}],"replies":[{"embeddable":true,"href":"https:\/\/buerstendichtungen.com\/en\/wp-json\/wp\/v2\/comments?post=17566"}],"version-history":[{"count":1,"href":"https:\/\/buerstendichtungen.com\/en\/wp-json\/wp\/v2\/pages\/17566\/revisions"}],"predecessor-version":[{"id":17571,"href":"https:\/\/buerstendichtungen.com\/en\/wp-json\/wp\/v2\/pages\/17566\/revisions\/17571"}],"wp:attachment":[{"href":"https:\/\/buerstendichtungen.com\/en\/wp-json\/wp\/v2\/media?parent=17566"}],"curies":[{"name":"wp","href":"https:\/\/api.w.org\/{rel}","templated":true}]}}