{"id":17484,"date":"2018-02-16T18:19:05","date_gmt":"2018-02-16T17:19:05","guid":{"rendered":"https:\/\/buerstendichtungen.com\/lip-seals-offer\/"},"modified":"2025-01-20T13:22:27","modified_gmt":"2025-01-20T12:22:27","slug":"lip-seals-offer","status":"publish","type":"page","link":"https:\/\/buerstendichtungen.com\/en\/lip-seals\/lip-seals-offer\/","title":{"rendered":"Lip seals offer"},"content":{"rendered":"<p><div class=\"fusion-fullwidth fullwidth-box fusion-builder-row-1 nonhundred-percent-fullwidth non-hundred-percent-height-scrolling\" style=\"--awb-border-radius-top-left:0px;--awb-border-radius-top-right:0px;--awb-border-radius-bottom-right:0px;--awb-border-radius-bottom-left:0px;--awb-padding-top:20px;--awb-padding-bottom:20px;--awb-margin-top:20px;--awb-margin-bottom:20px;--awb-flex-wrap:wrap;\" ><div class=\"fusion-builder-row fusion-row\"><div class=\"fusion-layout-column fusion_builder_column fusion-builder-column-0 fusion_builder_column_1_3 1_3 fusion-one-third fusion-column-first\" style=\"--awb-bg-size:cover;width:33.3333333333%;width:calc(33.3333333333% - ( ( 4% ) * 0.333333333333 ) );margin-right: 4%;\"><div class=\"fusion-column-wrapper fusion-flex-column-wrapper-legacy\"><div class=\"fusion-image-element in-legacy-container\" style=\"--awb-caption-title-font-family:var(--h2_typography-font-family);--awb-caption-title-font-weight:var(--h2_typography-font-weight);--awb-caption-title-font-style:var(--h2_typography-font-style);--awb-caption-title-size:var(--h2_typography-font-size);--awb-caption-title-transform:var(--h2_typography-text-transform);--awb-caption-title-line-height:var(--h2_typography-line-height);--awb-caption-title-letter-spacing:var(--h2_typography-letter-spacing);\"><span class=\" fusion-imageframe imageframe-none imageframe-1 hover-type-zoomin\"><a href=\"https:\/\/buerstendichtungen.com\/wp-content\/uploads\/2018\/02\/Lippendichtung_web_klein.png\" class=\"fusion-lightbox\" data-rel=\"iLightbox[0d88f21657e00798ab3]\" data-title=\"Lippendichtung\" title=\"Lippendichtung\"><img decoding=\"async\" width=\"600\" height=\"400\" src=\"https:\/\/buerstendichtungen.com\/wp-content\/uploads\/2018\/02\/Lippendichtung_web_klein.png\" alt class=\"img-responsive wp-image-16076\" srcset=\"https:\/\/buerstendichtungen.com\/wp-content\/uploads\/2018\/02\/Lippendichtung_web_klein-200x133.png 200w, https:\/\/buerstendichtungen.com\/wp-content\/uploads\/2018\/02\/Lippendichtung_web_klein-400x267.png 400w, https:\/\/buerstendichtungen.com\/wp-content\/uploads\/2018\/02\/Lippendichtung_web_klein.png 600w\" sizes=\"(max-width: 800px) 100vw, 400px\" \/><\/a><\/span><\/div><div class=\"fusion-clearfix\"><\/div><\/div><\/div><div class=\"fusion-layout-column fusion_builder_column fusion-builder-column-1 fusion_builder_column_2_3 2_3 fusion-two-third fusion-column-last\" style=\"--awb-padding-top:0px;--awb-bg-size:cover;width:66.6666666667%;width:calc(66.6666666667% - ( ( 4% ) * 0.666666666667 ) );\"><div class=\"fusion-column-wrapper fusion-flex-column-wrapper-legacy\"><div class=\"fusion-text fusion-text-1\"><h1 style=\"text-align: center;\"><span style=\"color: #000000; background-color: #ffffff;\">Lip seals<br \/>\nRequest a quote<\/span><\/h1>\n<\/div><div class=\"fusion-sep-clear\"><\/div><div class=\"fusion-separator\" style=\"margin-left: auto;margin-right: auto;margin-top:5px;margin-bottom:20px;width:100%;max-width:200px;\"><div class=\"fusion-separator-border sep-single sep-solid\" style=\"--awb-height:20px;--awb-amount:20px;--awb-sep-color:rgba(0,0,0,.3);border-color:rgba(000,000,000,.3);border-top-width:1px;\"><\/div><\/div><div class=\"fusion-sep-clear\"><\/div><div class=\"fusion-clearfix\"><\/div><\/div><\/div><\/div><\/div><div class=\"fusion-fullwidth fullwidth-box fusion-builder-row-2 nonhundred-percent-fullwidth non-hundred-percent-height-scrolling\" style=\"--awb-border-radius-top-left:0px;--awb-border-radius-top-right:0px;--awb-border-radius-bottom-right:0px;--awb-border-radius-bottom-left:0px;--awb-flex-wrap:wrap;\" ><div class=\"fusion-builder-row fusion-row\"><div class=\"fusion-layout-column fusion_builder_column fusion-builder-column-2 fusion_builder_column_2_3 2_3 fusion-two-third fusion-column-first\" style=\"--awb-bg-size:cover;width:66.6666666667%;width:calc(66.6666666667% - ( ( 4% ) * 0.666666666667 ) );margin-right: 4%;\"><div class=\"fusion-column-wrapper fusion-flex-column-wrapper-legacy\"><div class=\"fusion-text fusion-text-2\"><p>Lip seals protect against moisture and humidity.<br \/>\nYou can request our lip seals here.<div class=\"wpforms-container wpforms-container-full\" id=\"wpforms-3562\"><form id=\"wpforms-form-3562\" class=\"wpforms-validate wpforms-form\" data-formid=\"3562\" method=\"post\" enctype=\"multipart\/form-data\" action=\"\/en\/wp-json\/wp\/v2\/pages\/17484\" data-token=\"06fab9cd6a82ab2086e7e4d68b66e5bb\" data-token-time=\"1778002370\"><noscript class=\"wpforms-error-noscript\">Please enable JavaScript in your browser to complete this form.<\/noscript><div class=\"wpforms-field-container\"><div id=\"wpforms-3562-field_3-container\" class=\"wpforms-field wpforms-field-number\" data-field-id=\"3\"><label class=\"wpforms-field-label\" for=\"wpforms-3562-field_3\">Gesamtl\u00e4nge (in m)<\/label><input type=\"number\" id=\"wpforms-3562-field_3\" class=\"wpforms-field-small\" name=\"wpforms[fields][3]\" value=\"5000\" step=\"any\" ><div class=\"wpforms-field-description\">Die Mindestl\u00e4nge betr\u00e4gt 5000 Meter. Bitte tragen Sie hier die ben\u00f6tigte Gesamtl\u00e4nge in Meter ein. <\/div><\/div><div id=\"wpforms-3562-field_27-container\" class=\"wpforms-field wpforms-field-name\" data-field-id=\"27\"><label class=\"wpforms-field-label\" for=\"wpforms-3562-field_27\">Name <span class=\"wpforms-required-label\">*<\/span><\/label><div class=\"wpforms-field-row wpforms-field-medium\"><div class=\"wpforms-field-row-block wpforms-first wpforms-one-half\"><input type=\"text\" id=\"wpforms-3562-field_27\" class=\"wpforms-field-name-first wpforms-field-required\" name=\"wpforms[fields][27][first]\" required><label for=\"wpforms-3562-field_27\" class=\"wpforms-field-sublabel after wpforms-sublabel-hide\">First<\/label><\/div><div class=\"wpforms-field-row-block wpforms-one-half\"><input type=\"text\" id=\"wpforms-3562-field_27-last\" class=\"wpforms-field-name-last wpforms-field-required\" name=\"wpforms[fields][27][last]\" required><label for=\"wpforms-3562-field_27-last\" class=\"wpforms-field-sublabel after wpforms-sublabel-hide\">Last<\/label><\/div><\/div><div class=\"wpforms-field-description\">Bitte teilen Sie uns Ihren Vor- und Nachnamen mit<\/div><\/div><div id=\"wpforms-3562-field_26-container\" class=\"wpforms-field wpforms-field-text\" data-field-id=\"26\"><label class=\"wpforms-field-label\" for=\"wpforms-3562-field_26\">Firma<\/label><input type=\"text\" id=\"wpforms-3562-field_26\" class=\"wpforms-field-medium\" name=\"wpforms[fields][26]\" ><\/div><div id=\"wpforms-3562-field_28-container\" class=\"wpforms-field wpforms-field-email\" data-field-id=\"28\"><label class=\"wpforms-field-label\" for=\"wpforms-3562-field_28\">Email <span class=\"wpforms-required-label\">*<\/span><\/label><input type=\"email\" id=\"wpforms-3562-field_28\" class=\"wpforms-field-medium wpforms-field-required\" name=\"wpforms[fields][28]\" spellcheck=\"false\" required><\/div><div id=\"wpforms-3562-field_29-container\" class=\"wpforms-field wpforms-field-textarea\" data-field-id=\"29\"><label class=\"wpforms-field-label\" for=\"wpforms-3562-field_29\">Ihre Nachricht<\/label><textarea id=\"wpforms-3562-field_29\" class=\"wpforms-field-medium\" name=\"wpforms[fields][29]\" ><\/textarea><div class=\"wpforms-field-description\">Hier haben Sie die M\u00f6glichkeit uns besondere W\u00fcnsche oder den Verwendungszweck f\u00fcr Ihre Lippendichtung mitzuteilen<\/div><\/div><div id=\"wpforms-3562-field_40-container\" class=\"wpforms-field wpforms-field-checkbox\" data-field-id=\"40\"><label class=\"wpforms-field-label\">Einwilligungserkl\u00e4rung Datenschutz <span class=\"wpforms-required-label\">*<\/span><\/label><ul id=\"wpforms-3562-field_40\" class=\"wpforms-field-required\"><li class=\"choice-1 depth-1\"><input type=\"checkbox\" id=\"wpforms-3562-field_40_1\" name=\"wpforms[fields][40][]\" value=\"Ja, ich habe die &lt;a href=&quot;https:\/\/buerstendichtungen.com\/datenschutzerklaerung-2\/&quot;&gt;Datenschutzerkl\u00e4rung&lt;\/a&gt; zur Kenntnis genommen und bin damit einverstanden, dass die von mir angegebenen Daten elektronisch erhoben und gespeichert werden. Meine Daten werden dabei nur streng zweckgebunden zur Bearbeitung und Beantwortung meiner Anfrage genutzt.\" required ><label class=\"wpforms-field-label-inline\" for=\"wpforms-3562-field_40_1\">Ja, ich habe die <a href=\"https:\/\/buerstendichtungen.com\/datenschutzerklaerung-2\/\">Datenschutzerkl\u00e4rung<\/a> zur Kenntnis genommen und bin damit einverstanden, dass die von mir angegebenen Daten elektronisch erhoben und gespeichert werden. Meine Daten werden dabei nur streng zweckgebunden zur Bearbeitung und Beantwortung meiner Anfrage genutzt.<\/label><\/li><\/ul><\/div><\/div><!-- .wpforms-field-container --><div class=\"wpforms-field wpforms-field-hp\"><label for=\"wpforms-3562-field-hp\" class=\"wpforms-field-label\">Email<\/label><input type=\"text\" name=\"wpforms[hp]\" id=\"wpforms-3562-field-hp\" class=\"wpforms-field-medium\"><\/div><div class=\"wpforms-submit-container\" ><input type=\"hidden\" name=\"wpforms[id]\" value=\"3562\"><input type=\"hidden\" name=\"page_title\" value=\"\"><input type=\"hidden\" name=\"page_url\" value=\"https:\/\/buerstendichtungen.com\/en\/wp-json\/wp\/v2\/pages\/17484\"><input type=\"hidden\" name=\"url_referer\" value=\"\"><button type=\"submit\" name=\"wpforms[submit]\" id=\"wpforms-submit-3562\" class=\"wpforms-submit\" data-alt-text=\"Anfrage wird gesendet\" data-submit-text=\"Anfrage senden\" aria-live=\"assertive\" value=\"wpforms-submit\">Anfrage senden<\/button><\/div><\/form><\/div>  <!-- .wpforms-container --><\/p>\n<p> * Mandatory field (fields marked with an asterisk are mandatory)<\/p>\n<\/div><div class=\"fusion-clearfix\"><\/div><\/div><\/div><div class=\"fusion-layout-column fusion_builder_column fusion-builder-column-3 fusion_builder_column_1_3 1_3 fusion-one-third fusion-column-last\" style=\"--awb-bg-size:cover;width:33.3333333333%;width:calc(33.3333333333% - ( ( 4% ) * 0.333333333333 ) );\"><div class=\"fusion-column-wrapper fusion-flex-column-wrapper-legacy\"><div class=\"fusion-image-element in-legacy-container\" style=\"--awb-caption-title-font-family:var(--h2_typography-font-family);--awb-caption-title-font-weight:var(--h2_typography-font-weight);--awb-caption-title-font-style:var(--h2_typography-font-style);--awb-caption-title-size:var(--h2_typography-font-size);--awb-caption-title-transform:var(--h2_typography-text-transform);--awb-caption-title-line-height:var(--h2_typography-line-height);--awb-caption-title-letter-spacing:var(--h2_typography-letter-spacing);\"><span class=\" fusion-imageframe imageframe-none imageframe-2 hover-type-none\"><img decoding=\"async\" width=\"400\" height=\"494\" title=\"Lippendichtungen\" src=\"https:\/\/buerstendichtungen.com\/wp-content\/uploads\/2018\/02\/Lippendichtungen.png\" alt class=\"img-responsive wp-image-16078\" srcset=\"https:\/\/buerstendichtungen.com\/wp-content\/uploads\/2018\/02\/Lippendichtungen-200x247.png 200w, https:\/\/buerstendichtungen.com\/wp-content\/uploads\/2018\/02\/Lippendichtungen.png 400w\" sizes=\"(max-width: 800px) 100vw, 400px\" \/><\/span><\/div><div class=\"fusion-clearfix\"><\/div><\/div><\/div><\/div><\/div><\/p>\n","protected":false},"excerpt":{"rendered":"","protected":false},"author":1,"featured_media":0,"parent":17497,"menu_order":0,"comment_status":"closed","ping_status":"closed","template":"100-width.php","meta":{"footnotes":""},"class_list":["post-17484","page","type-page","status-publish","hentry"],"yoast_head":"<!-- This site is optimized with the Yoast SEO Premium plugin v25.5 (Yoast SEO v27.5) - https:\/\/yoast.com\/product\/yoast-seo-premium-wordpress\/ -->\n<title>Lip seals to protect against moisture and humidity<\/title>\n<meta name=\"description\" content=\"Protection against dirt and moisture: Use our inquiry form to request our lip seals. We look forward to your inquiry.\" \/>\n<meta name=\"robots\" content=\"noindex, follow\" \/>\n<meta property=\"og:locale\" content=\"en_US\" \/>\n<meta property=\"og:type\" content=\"article\" \/>\n<meta property=\"og:title\" content=\"Lip seals offer\" \/>\n<meta property=\"og:description\" content=\"Protection against dirt and moisture: Use our inquiry form to request our lip seals. We look forward to your inquiry.\" \/>\n<meta property=\"og:url\" content=\"https:\/\/buerstendichtungen.com\/en\/lip-seals\/lip-seals-offer\/\" \/>\n<meta property=\"og:site_name\" content=\"B\u00fcrstendichtungen und andere technische B\u00fcrsten f\u00fcr jeden Einsatz\" \/>\n<meta property=\"article:modified_time\" content=\"2025-01-20T12:22:27+00:00\" \/>\n<meta name=\"twitter:label1\" content=\"Est. reading time\" \/>\n\t<meta name=\"twitter:data1\" content=\"5 minutes\" \/>\n<script type=\"application\/ld+json\" class=\"yoast-schema-graph\">{\"@context\":\"https:\\\/\\\/schema.org\",\"@graph\":[{\"@type\":\"WebPage\",\"@id\":\"https:\\\/\\\/buerstendichtungen.com\\\/en\\\/lip-seals\\\/lip-seals-offer\\\/\",\"url\":\"https:\\\/\\\/buerstendichtungen.com\\\/en\\\/lip-seals\\\/lip-seals-offer\\\/\",\"name\":\"Lip seals to protect against moisture and humidity\",\"isPartOf\":{\"@id\":\"https:\\\/\\\/buerstendichtungen.com\\\/en\\\/#website\"},\"datePublished\":\"2018-02-16T17:19:05+00:00\",\"dateModified\":\"2025-01-20T12:22:27+00:00\",\"description\":\"Protection against dirt and moisture: Use our inquiry form to request our lip seals. We look forward to your inquiry.\",\"breadcrumb\":{\"@id\":\"https:\\\/\\\/buerstendichtungen.com\\\/en\\\/lip-seals\\\/lip-seals-offer\\\/#breadcrumb\"},\"inLanguage\":\"en-US\",\"potentialAction\":[{\"@type\":\"ReadAction\",\"target\":[\"https:\\\/\\\/buerstendichtungen.com\\\/en\\\/lip-seals\\\/lip-seals-offer\\\/\"]}]},{\"@type\":\"BreadcrumbList\",\"@id\":\"https:\\\/\\\/buerstendichtungen.com\\\/en\\\/lip-seals\\\/lip-seals-offer\\\/#breadcrumb\",\"itemListElement\":[{\"@type\":\"ListItem\",\"position\":1,\"name\":\"Home page\",\"item\":\"https:\\\/\\\/buerstendichtungen.com\\\/en\\\/\"},{\"@type\":\"ListItem\",\"position\":2,\"name\":\"Lip seals\",\"item\":\"https:\\\/\\\/buerstendichtungen.com\\\/en\\\/lip-seals\\\/\"},{\"@type\":\"ListItem\",\"position\":3,\"name\":\"Lip seals offer\"}]},{\"@type\":\"WebSite\",\"@id\":\"https:\\\/\\\/buerstendichtungen.com\\\/en\\\/#website\",\"url\":\"https:\\\/\\\/buerstendichtungen.com\\\/en\\\/\",\"name\":\"B\u00fcrstendichtungen und andere technische B\u00fcrsten f\u00fcr jeden Einsatz\",\"description\":\"B\u00fcrstendichtungen, Leistenb\u00fcrsten, Streifenb\u00fcrsten und Abdichtb\u00fcrsten f\u00fcr jede Verwendung\",\"potentialAction\":[{\"@type\":\"SearchAction\",\"target\":{\"@type\":\"EntryPoint\",\"urlTemplate\":\"https:\\\/\\\/buerstendichtungen.com\\\/en\\\/?s={search_term_string}\"},\"query-input\":{\"@type\":\"PropertyValueSpecification\",\"valueRequired\":true,\"valueName\":\"search_term_string\"}}],\"inLanguage\":\"en-US\"}]}<\/script>\n<!-- \/ Yoast SEO Premium plugin. -->","yoast_head_json":{"title":"Lip seals to protect against moisture and humidity","description":"Protection against dirt and moisture: Use our inquiry form to request our lip seals. We look forward to your inquiry.","robots":{"index":"noindex","follow":"follow"},"og_locale":"en_US","og_type":"article","og_title":"Lip seals offer","og_description":"Protection against dirt and moisture: Use our inquiry form to request our lip seals. We look forward to your inquiry.","og_url":"https:\/\/buerstendichtungen.com\/en\/lip-seals\/lip-seals-offer\/","og_site_name":"B\u00fcrstendichtungen und andere technische B\u00fcrsten f\u00fcr jeden Einsatz","article_modified_time":"2025-01-20T12:22:27+00:00","twitter_misc":{"Est. reading time":"5 minutes"},"schema":{"@context":"https:\/\/schema.org","@graph":[{"@type":"WebPage","@id":"https:\/\/buerstendichtungen.com\/en\/lip-seals\/lip-seals-offer\/","url":"https:\/\/buerstendichtungen.com\/en\/lip-seals\/lip-seals-offer\/","name":"Lip seals to protect against moisture and humidity","isPartOf":{"@id":"https:\/\/buerstendichtungen.com\/en\/#website"},"datePublished":"2018-02-16T17:19:05+00:00","dateModified":"2025-01-20T12:22:27+00:00","description":"Protection against dirt and moisture: Use our inquiry form to request our lip seals. We look forward to your inquiry.","breadcrumb":{"@id":"https:\/\/buerstendichtungen.com\/en\/lip-seals\/lip-seals-offer\/#breadcrumb"},"inLanguage":"en-US","potentialAction":[{"@type":"ReadAction","target":["https:\/\/buerstendichtungen.com\/en\/lip-seals\/lip-seals-offer\/"]}]},{"@type":"BreadcrumbList","@id":"https:\/\/buerstendichtungen.com\/en\/lip-seals\/lip-seals-offer\/#breadcrumb","itemListElement":[{"@type":"ListItem","position":1,"name":"Home page","item":"https:\/\/buerstendichtungen.com\/en\/"},{"@type":"ListItem","position":2,"name":"Lip seals","item":"https:\/\/buerstendichtungen.com\/en\/lip-seals\/"},{"@type":"ListItem","position":3,"name":"Lip seals offer"}]},{"@type":"WebSite","@id":"https:\/\/buerstendichtungen.com\/en\/#website","url":"https:\/\/buerstendichtungen.com\/en\/","name":"B\u00fcrstendichtungen und andere technische B\u00fcrsten f\u00fcr jeden Einsatz","description":"B\u00fcrstendichtungen, Leistenb\u00fcrsten, Streifenb\u00fcrsten und Abdichtb\u00fcrsten f\u00fcr jede Verwendung","potentialAction":[{"@type":"SearchAction","target":{"@type":"EntryPoint","urlTemplate":"https:\/\/buerstendichtungen.com\/en\/?s={search_term_string}"},"query-input":{"@type":"PropertyValueSpecification","valueRequired":true,"valueName":"search_term_string"}}],"inLanguage":"en-US"}]}},"_links":{"self":[{"href":"https:\/\/buerstendichtungen.com\/en\/wp-json\/wp\/v2\/pages\/17484","targetHints":{"allow":["GET"]}}],"collection":[{"href":"https:\/\/buerstendichtungen.com\/en\/wp-json\/wp\/v2\/pages"}],"about":[{"href":"https:\/\/buerstendichtungen.com\/en\/wp-json\/wp\/v2\/types\/page"}],"author":[{"embeddable":true,"href":"https:\/\/buerstendichtungen.com\/en\/wp-json\/wp\/v2\/users\/1"}],"replies":[{"embeddable":true,"href":"https:\/\/buerstendichtungen.com\/en\/wp-json\/wp\/v2\/comments?post=17484"}],"version-history":[{"count":2,"href":"https:\/\/buerstendichtungen.com\/en\/wp-json\/wp\/v2\/pages\/17484\/revisions"}],"predecessor-version":[{"id":17493,"href":"https:\/\/buerstendichtungen.com\/en\/wp-json\/wp\/v2\/pages\/17484\/revisions\/17493"}],"up":[{"embeddable":true,"href":"https:\/\/buerstendichtungen.com\/en\/wp-json\/wp\/v2\/pages\/17497"}],"wp:attachment":[{"href":"https:\/\/buerstendichtungen.com\/en\/wp-json\/wp\/v2\/media?parent=17484"}],"curies":[{"name":"wp","href":"https:\/\/api.w.org\/{rel}","templated":true}]}}