{"id":17469,"date":"2023-04-05T17:14:59","date_gmt":"2023-04-05T15:14:59","guid":{"rendered":"https:\/\/buerstendichtungen.com\/store\/"},"modified":"2023-04-05T17:14:59","modified_gmt":"2023-04-05T15:14:59","slug":"store","status":"publish","type":"page","link":"https:\/\/buerstendichtungen.com\/en\/store\/","title":{"rendered":"Store"},"content":{"rendered":"","protected":false},"excerpt":{"rendered":"","protected":false},"author":1,"featured_media":0,"parent":0,"menu_order":0,"comment_status":"closed","ping_status":"closed","template":"","meta":{"footnotes":""},"class_list":["post-17469","page","type-page","status-publish","hentry"],"yoast_head":"<!-- This site is optimized with the Yoast SEO Premium plugin v25.5 (Yoast SEO v27.3) - https:\/\/yoast.com\/product\/yoast-seo-premium-wordpress\/ -->\n<title>Store - B\u00fcrstendichtungen und andere technische B\u00fcrsten f\u00fcr jeden Einsatz<\/title>\n<meta name=\"robots\" content=\"noindex, follow\" \/>\n<meta property=\"og:locale\" content=\"en_US\" \/>\n<meta property=\"og:type\" content=\"article\" \/>\n<meta property=\"og:title\" content=\"Store\" \/>\n<meta property=\"og:url\" content=\"https:\/\/buerstendichtungen.com\/en\/store\/\" \/>\n<meta property=\"og:site_name\" content=\"B\u00fcrstendichtungen und andere technische B\u00fcrsten f\u00fcr jeden Einsatz\" \/>\n<script type=\"application\/ld+json\" class=\"yoast-schema-graph\">{\"@context\":\"https:\\\/\\\/schema.org\",\"@graph\":[{\"@type\":\"WebPage\",\"@id\":\"https:\\\/\\\/buerstendichtungen.com\\\/en\\\/store\\\/\",\"url\":\"https:\\\/\\\/buerstendichtungen.com\\\/en\\\/store\\\/\",\"name\":\"Store - B\u00fcrstendichtungen und andere technische B\u00fcrsten f\u00fcr jeden Einsatz\",\"isPartOf\":{\"@id\":\"https:\\\/\\\/buerstendichtungen.com\\\/en\\\/#website\"},\"datePublished\":\"2023-04-05T15:14:59+00:00\",\"breadcrumb\":{\"@id\":\"https:\\\/\\\/buerstendichtungen.com\\\/en\\\/store\\\/#breadcrumb\"},\"inLanguage\":\"en-US\",\"potentialAction\":[{\"@type\":\"ReadAction\",\"target\":[\"https:\\\/\\\/buerstendichtungen.com\\\/en\\\/store\\\/\"]}]},{\"@type\":\"BreadcrumbList\",\"@id\":\"https:\\\/\\\/buerstendichtungen.com\\\/en\\\/store\\\/#breadcrumb\",\"itemListElement\":[{\"@type\":\"ListItem\",\"position\":1,\"name\":\"Home page\",\"item\":\"https:\\\/\\\/buerstendichtungen.com\\\/en\\\/\"},{\"@type\":\"ListItem\",\"position\":2,\"name\":\"Store\"}]},{\"@type\":\"WebSite\",\"@id\":\"https:\\\/\\\/buerstendichtungen.com\\\/en\\\/#website\",\"url\":\"https:\\\/\\\/buerstendichtungen.com\\\/en\\\/\",\"name\":\"B\u00fcrstendichtungen und andere technische B\u00fcrsten f\u00fcr jeden Einsatz\",\"description\":\"B\u00fcrstendichtungen, Leistenb\u00fcrsten, Streifenb\u00fcrsten und Abdichtb\u00fcrsten f\u00fcr jede Verwendung\",\"potentialAction\":[{\"@type\":\"SearchAction\",\"target\":{\"@type\":\"EntryPoint\",\"urlTemplate\":\"https:\\\/\\\/buerstendichtungen.com\\\/en\\\/?s={search_term_string}\"},\"query-input\":{\"@type\":\"PropertyValueSpecification\",\"valueRequired\":true,\"valueName\":\"search_term_string\"}}],\"inLanguage\":\"en-US\"}]}<\/script>\n<!-- \/ Yoast SEO Premium plugin. -->","yoast_head_json":{"title":"Store - B\u00fcrstendichtungen und andere technische B\u00fcrsten f\u00fcr jeden Einsatz","robots":{"index":"noindex","follow":"follow"},"og_locale":"en_US","og_type":"article","og_title":"Store","og_url":"https:\/\/buerstendichtungen.com\/en\/store\/","og_site_name":"B\u00fcrstendichtungen und andere technische B\u00fcrsten f\u00fcr jeden Einsatz","schema":{"@context":"https:\/\/schema.org","@graph":[{"@type":"WebPage","@id":"https:\/\/buerstendichtungen.com\/en\/store\/","url":"https:\/\/buerstendichtungen.com\/en\/store\/","name":"Store - B\u00fcrstendichtungen und andere technische B\u00fcrsten f\u00fcr jeden Einsatz","isPartOf":{"@id":"https:\/\/buerstendichtungen.com\/en\/#website"},"datePublished":"2023-04-05T15:14:59+00:00","breadcrumb":{"@id":"https:\/\/buerstendichtungen.com\/en\/store\/#breadcrumb"},"inLanguage":"en-US","potentialAction":[{"@type":"ReadAction","target":["https:\/\/buerstendichtungen.com\/en\/store\/"]}]},{"@type":"BreadcrumbList","@id":"https:\/\/buerstendichtungen.com\/en\/store\/#breadcrumb","itemListElement":[{"@type":"ListItem","position":1,"name":"Home page","item":"https:\/\/buerstendichtungen.com\/en\/"},{"@type":"ListItem","position":2,"name":"Store"}]},{"@type":"WebSite","@id":"https:\/\/buerstendichtungen.com\/en\/#website","url":"https:\/\/buerstendichtungen.com\/en\/","name":"B\u00fcrstendichtungen und andere technische B\u00fcrsten f\u00fcr jeden Einsatz","description":"B\u00fcrstendichtungen, Leistenb\u00fcrsten, Streifenb\u00fcrsten und Abdichtb\u00fcrsten f\u00fcr jede Verwendung","potentialAction":[{"@type":"SearchAction","target":{"@type":"EntryPoint","urlTemplate":"https:\/\/buerstendichtungen.com\/en\/?s={search_term_string}"},"query-input":{"@type":"PropertyValueSpecification","valueRequired":true,"valueName":"search_term_string"}}],"inLanguage":"en-US"}]}},"_links":{"self":[{"href":"https:\/\/buerstendichtungen.com\/en\/wp-json\/wp\/v2\/pages\/17469","targetHints":{"allow":["GET"]}}],"collection":[{"href":"https:\/\/buerstendichtungen.com\/en\/wp-json\/wp\/v2\/pages"}],"about":[{"href":"https:\/\/buerstendichtungen.com\/en\/wp-json\/wp\/v2\/types\/page"}],"author":[{"embeddable":true,"href":"https:\/\/buerstendichtungen.com\/en\/wp-json\/wp\/v2\/users\/1"}],"replies":[{"embeddable":true,"href":"https:\/\/buerstendichtungen.com\/en\/wp-json\/wp\/v2\/comments?post=17469"}],"version-history":[{"count":0,"href":"https:\/\/buerstendichtungen.com\/en\/wp-json\/wp\/v2\/pages\/17469\/revisions"}],"wp:attachment":[{"href":"https:\/\/buerstendichtungen.com\/en\/wp-json\/wp\/v2\/media?parent=17469"}],"curies":[{"name":"wp","href":"https:\/\/api.w.org\/{rel}","templated":true}]}}