{"id":17377,"date":"2017-08-02T12:06:22","date_gmt":"2017-08-02T10:06:22","guid":{"rendered":"https:\/\/buerstendichtungen.com\/picture-credits\/"},"modified":"2017-08-02T12:06:22","modified_gmt":"2017-08-02T10:06:22","slug":"picture-credits","status":"publish","type":"page","link":"https:\/\/buerstendichtungen.com\/en\/picture-credits\/","title":{"rendered":"Picture credits"},"content":{"rendered":"<h1>Picture credits<\/h1>\n<p>Here you will find references to the images used on the b\u00fcrstendichtungen.com website: all images \u00a9 Holger Pott \/ Pro-Con GmbH Trading Conceptions<\/p>\n","protected":false},"excerpt":{"rendered":"<p>Picture credits Here you will find references to the images  [&#8230;]<\/p>\n","protected":false},"author":1,"featured_media":0,"parent":0,"menu_order":0,"comment_status":"closed","ping_status":"closed","template":"","meta":{"footnotes":""},"class_list":["post-17377","page","type-page","status-publish","hentry"],"yoast_head":"<!-- This site is optimized with the Yoast SEO Premium plugin v25.5 (Yoast SEO v27.5) - https:\/\/yoast.com\/product\/yoast-seo-premium-wordpress\/ -->\n<title>Sources for the images on buerstendichtungen.com<\/title>\n<meta name=\"description\" content=\"Here you will find references to the images used on the b\u00fcrstendichtungen.com website.\" \/>\n<meta name=\"robots\" content=\"noindex, follow\" \/>\n<meta property=\"og:locale\" content=\"en_US\" \/>\n<meta property=\"og:type\" content=\"article\" \/>\n<meta property=\"og:title\" content=\"Picture credits\" \/>\n<meta property=\"og:description\" content=\"Here you will find references to the images used on the b\u00fcrstendichtungen.com website.\" \/>\n<meta property=\"og:url\" content=\"https:\/\/buerstendichtungen.com\/en\/picture-credits\/\" \/>\n<meta property=\"og:site_name\" content=\"B\u00fcrstendichtungen und andere technische B\u00fcrsten f\u00fcr jeden Einsatz\" \/>\n<script type=\"application\/ld+json\" class=\"yoast-schema-graph\">{\"@context\":\"https:\\\/\\\/schema.org\",\"@graph\":[{\"@type\":\"WebPage\",\"@id\":\"https:\\\/\\\/buerstendichtungen.com\\\/en\\\/picture-credits\\\/\",\"url\":\"https:\\\/\\\/buerstendichtungen.com\\\/en\\\/picture-credits\\\/\",\"name\":\"Sources for the images on buerstendichtungen.com\",\"isPartOf\":{\"@id\":\"https:\\\/\\\/buerstendichtungen.com\\\/en\\\/#website\"},\"datePublished\":\"2017-08-02T10:06:22+00:00\",\"description\":\"Here you will find references to the images used on the b\u00fcrstendichtungen.com website.\",\"breadcrumb\":{\"@id\":\"https:\\\/\\\/buerstendichtungen.com\\\/en\\\/picture-credits\\\/#breadcrumb\"},\"inLanguage\":\"en-US\",\"potentialAction\":[{\"@type\":\"ReadAction\",\"target\":[\"https:\\\/\\\/buerstendichtungen.com\\\/en\\\/picture-credits\\\/\"]}]},{\"@type\":\"BreadcrumbList\",\"@id\":\"https:\\\/\\\/buerstendichtungen.com\\\/en\\\/picture-credits\\\/#breadcrumb\",\"itemListElement\":[{\"@type\":\"ListItem\",\"position\":1,\"name\":\"Home page\",\"item\":\"https:\\\/\\\/buerstendichtungen.com\\\/en\\\/\"},{\"@type\":\"ListItem\",\"position\":2,\"name\":\"Picture credits\"}]},{\"@type\":\"WebSite\",\"@id\":\"https:\\\/\\\/buerstendichtungen.com\\\/en\\\/#website\",\"url\":\"https:\\\/\\\/buerstendichtungen.com\\\/en\\\/\",\"name\":\"B\u00fcrstendichtungen und andere technische B\u00fcrsten f\u00fcr jeden Einsatz\",\"description\":\"B\u00fcrstendichtungen, Leistenb\u00fcrsten, Streifenb\u00fcrsten und Abdichtb\u00fcrsten f\u00fcr jede Verwendung\",\"potentialAction\":[{\"@type\":\"SearchAction\",\"target\":{\"@type\":\"EntryPoint\",\"urlTemplate\":\"https:\\\/\\\/buerstendichtungen.com\\\/en\\\/?s={search_term_string}\"},\"query-input\":{\"@type\":\"PropertyValueSpecification\",\"valueRequired\":true,\"valueName\":\"search_term_string\"}}],\"inLanguage\":\"en-US\"}]}<\/script>\n<!-- \/ Yoast SEO Premium plugin. -->","yoast_head_json":{"title":"Sources for the images on buerstendichtungen.com","description":"Here you will find references to the images used on the b\u00fcrstendichtungen.com website.","robots":{"index":"noindex","follow":"follow"},"og_locale":"en_US","og_type":"article","og_title":"Picture credits","og_description":"Here you will find references to the images used on the b\u00fcrstendichtungen.com website.","og_url":"https:\/\/buerstendichtungen.com\/en\/picture-credits\/","og_site_name":"B\u00fcrstendichtungen und andere technische B\u00fcrsten f\u00fcr jeden Einsatz","schema":{"@context":"https:\/\/schema.org","@graph":[{"@type":"WebPage","@id":"https:\/\/buerstendichtungen.com\/en\/picture-credits\/","url":"https:\/\/buerstendichtungen.com\/en\/picture-credits\/","name":"Sources for the images on buerstendichtungen.com","isPartOf":{"@id":"https:\/\/buerstendichtungen.com\/en\/#website"},"datePublished":"2017-08-02T10:06:22+00:00","description":"Here you will find references to the images used on the b\u00fcrstendichtungen.com website.","breadcrumb":{"@id":"https:\/\/buerstendichtungen.com\/en\/picture-credits\/#breadcrumb"},"inLanguage":"en-US","potentialAction":[{"@type":"ReadAction","target":["https:\/\/buerstendichtungen.com\/en\/picture-credits\/"]}]},{"@type":"BreadcrumbList","@id":"https:\/\/buerstendichtungen.com\/en\/picture-credits\/#breadcrumb","itemListElement":[{"@type":"ListItem","position":1,"name":"Home page","item":"https:\/\/buerstendichtungen.com\/en\/"},{"@type":"ListItem","position":2,"name":"Picture credits"}]},{"@type":"WebSite","@id":"https:\/\/buerstendichtungen.com\/en\/#website","url":"https:\/\/buerstendichtungen.com\/en\/","name":"B\u00fcrstendichtungen und andere technische B\u00fcrsten f\u00fcr jeden Einsatz","description":"B\u00fcrstendichtungen, Leistenb\u00fcrsten, Streifenb\u00fcrsten und Abdichtb\u00fcrsten f\u00fcr jede Verwendung","potentialAction":[{"@type":"SearchAction","target":{"@type":"EntryPoint","urlTemplate":"https:\/\/buerstendichtungen.com\/en\/?s={search_term_string}"},"query-input":{"@type":"PropertyValueSpecification","valueRequired":true,"valueName":"search_term_string"}}],"inLanguage":"en-US"}]}},"_links":{"self":[{"href":"https:\/\/buerstendichtungen.com\/en\/wp-json\/wp\/v2\/pages\/17377","targetHints":{"allow":["GET"]}}],"collection":[{"href":"https:\/\/buerstendichtungen.com\/en\/wp-json\/wp\/v2\/pages"}],"about":[{"href":"https:\/\/buerstendichtungen.com\/en\/wp-json\/wp\/v2\/types\/page"}],"author":[{"embeddable":true,"href":"https:\/\/buerstendichtungen.com\/en\/wp-json\/wp\/v2\/users\/1"}],"replies":[{"embeddable":true,"href":"https:\/\/buerstendichtungen.com\/en\/wp-json\/wp\/v2\/comments?post=17377"}],"version-history":[{"count":0,"href":"https:\/\/buerstendichtungen.com\/en\/wp-json\/wp\/v2\/pages\/17377\/revisions"}],"wp:attachment":[{"href":"https:\/\/buerstendichtungen.com\/en\/wp-json\/wp\/v2\/media?parent=17377"}],"curies":[{"name":"wp","href":"https:\/\/api.w.org\/{rel}","templated":true}]}}